{"id":7962,"date":"2022-04-01T18:49:13","date_gmt":"2022-04-01T18:49:13","guid":{"rendered":"http:\/\/atelier-des-cuisiniers.com\/?page_id=7962"},"modified":"2022-07-21T08:41:50","modified_gmt":"2022-07-21T08:41:50","slug":"aiccair-2","status":"publish","type":"page","link":"http:\/\/atelier-des-cuisiniers.com\/fr\/aiccair-2\/","title":{"rendered":"AIC CARE"},"content":{"rendered":"<section class=\"l-section wpb_row us_custom_15fdc18a height_auto\"><div class=\"l-section-h i-cf\"><div class=\"g-cols vc_row via_grid cols_1 laptops-cols_inherit tablets-cols_inherit mobiles-cols_1 valign_top type_default\"><div class=\"wpb_column vc_column_container\"><div class=\"vc_column-inner\"><div class=\"wpb_text_column\"><div class=\"wpb_wrapper\"><script type=\"text\/javascript\">\r\ndocument.addEventListener(\"DOMContentLoaded\", function(event) { \r\n\tjQuery( '#slider-pro-3-8204' ).sliderPro({\r\n\t\t\/\/width\r\n\t\t\t\tforceSize: 'fullWidth',\r\n\t\t\t\t\r\n\t\t\/\/height\r\n\t\t\t\theight: 150,\r\n\t\t\t\t\r\n\t\t\/\/auto play\r\n\t\t\t\tautoplay:  true,\r\n\t\tautoplayOnHover: 'none',\r\n\t\t\t\t\t\t\t\tautoplayDelay: 5000,\r\n\t\t\r\n\t\t\r\n\t\tarrows: true,\r\n\t\tbuttons: true,\r\n\t\tsmallSize: 500,\r\n\t\tmediumSize: 1000,\r\n\t\tlargeSize: 3000,\r\n\t\tfade: true,\r\n\t\t\r\n\t\t\/\/thumbnail\r\n\t\tthumbnailArrows: true,\r\n\t\tthumbnailWidth: 120,\r\n\t\tthumbnailHeight: 120,\r\n\t\t\t\t\t\tthumbnailsPosition: 'bottom',\r\n\t\t\t\t\t\tcenterImage: true,\r\n\t\timageScaleMode: 'cover',\r\n\t\tallowScaleUp: true,\r\n\t\t\t\tstartSlide: 0,\r\n\t\tloop: true,\r\n\t\tslideDistance: 5,\r\n\t\tautoplayDirection: 'normal',\r\n\t\ttouchSwipe: true,\r\n\t\tfullScreen: true,\r\n\t});\r\n});\r\n<\/script>\r\n\r\n\t\t<div id=\"slider-pro-3-8204\" class=\"slider-pro\">\r\n\t\t\t<!---- slides div start ---->\r\n\t\t\t<div class=\"sp-slides\">\r\n\t\t\t\t\t\t\t\t\t\t<div class=\"sp-slide\">\r\n\t\t\t\t\t\t\t<img decoding=\"async\" class=\"sp-image\" loading=\"lazy\" alt=\"1\" src=\"http:\/\/atelier-des-cuisiniers.com\/wp-content\/plugins\/ultimate-responsive-image-slider\/assets\/css\/images\/blank.gif\" data-src=\"http:\/\/atelier-des-cuisiniers.com\/wp-content\/uploads\/2022\/06\/1.png\" \/>\r\n\r\n\t\t\t\t\t\t\t\r\n\t\t\t\t\t\t\t\t\t\t\t\t\t<\/div>\r\n\t\t\t\t\t\t\t\t\t<\/div>\r\n\t\t\t\r\n\t\t\t<!---- slides div end ---->\r\n\t\t\t\t\t\t<!-- slides thumbnails div end -->\r\n\t\t<\/div>\r\n\t\t<style>\r\n\/* Layout 3 *\/\r\n\/* border *\/\r\n#slider-pro-3-8204 .sp-selected-thumbnail {\r\n\tborder: 4px solid #000000;\r\n}\r\n\r\n\/* font + color *\/\r\n.title-in  {\r\n\tfont-family: Arial !important;\r\n\tcolor: #FFFFFF !important;\r\n\tbackground-color: #000000 !important;\r\n\topacity: 0.7 !important;\r\n}\r\n.desc-in  {\r\n\tfont-family: Arial !important;\r\n\tcolor: #FFFFFF !important;\r\n\tbackground-color: #00000 !important;\r\n\topacity: 0.7 !important;\r\n}\r\n\r\n\/* bullets color *\/\r\n.sp-button  {\r\n\tborder: 2px solid #000000 !important;\r\n}\r\n.sp-selected-button  {\r\n\tbackground-color: #000000 !important;\r\n}\r\n\r\n\/* pointer color - bottom *\/\r\n.sp-selected-thumbnail::before {\r\n\tborder-bottom: 5px solid #000000 !important;\r\n}\r\n.sp-selected-thumbnail::after {\r\n\tborder-bottom: 13px solid #000000 !important;\r\n}\r\n\r\n\/* pointer color - top *\/\r\n\r\n\/* full screen icon *\/\r\n.sp-full-screen-button::before {\r\n    color: #FFFFFF !important;\r\n}\r\n\r\n\/* hover navigation icon color *\/\r\n.sp-next-arrow::after, .sp-next-arrow::before {\r\n\tbackground-color: #FFFFFF !important;\r\n}\r\n.sp-previous-arrow::after, .sp-previous-arrow::before {\r\n\tbackground-color: #FFFFFF !important;\r\n}\r\n\r\n#slider-pro-3-8204 .title-in {\r\n\tcolor: #FFFFFF !important;\r\n\tfont-weight: bolder;\r\n\ttext-align: center;\r\n}\r\n\r\n#slider-pro-3-8204 .title-in-bg {\r\n\tbackground: rgba(255, 255, 255, 0.7); !important;\r\n\twhite-space: unset !important;\r\n\ttransform: initial !important;\r\n\t-webkit-transform: initial !important;\r\n\tfont-size: 14px !important;\r\n}\r\n\r\n#slider-pro-3-8204 .desc-in {\r\n\tcolor: #FFFFFF !important;\r\n\ttext-align: center;\r\n}\r\n#slider-pro-3-8204 .desc-in-bg {\r\n\tbackground: rgba(#00000, 0.7) !important;\r\n\twhite-space: unset !important;\r\n\ttransform: initial !important;\r\n\t-webkit-transform: initial !important;\r\n\tfont-size: 13px !important;\r\n}\r\n\r\n@media (max-width: 640px) {\r\n\t#slider-pro-3-8204 .hide-small-screen {\r\n\t\tdisplay: none;\r\n\t}\r\n}\r\n\r\n@media (max-width: 860px) {\r\n\t#slider-pro-3-8204 .sp-layer {\r\n\t\tfont-size: 18px;\r\n\t}\r\n\t\r\n\t#slider-pro-3-8204 .hide-medium-screen {\r\n\t\tdisplay: none;\r\n\t}\r\n}\r\n.slides-not-found {\r\n\tbackground-color: #a92929;\r\n\tborder-radius: 5px;\r\n\tcolor: #fff;\r\n\tfont-family: initial;\r\n\ttext-align: center;\r\n\tpadding:12px;\r\n}\r\n\/* Custom CSS *\/\r\n<\/style>\r\n\n<\/div><\/div><\/div><\/div><\/div><\/div><\/section><section class=\"l-section wpb_row height_auto\"><div class=\"l-section-h i-cf\"><div class=\"g-cols vc_row via_grid cols_1 laptops-cols_inherit tablets-cols_inherit mobiles-cols_1 valign_top type_default\"><div class=\"wpb_column vc_column_container\"><div class=\"vc_column-inner\"><div class=\"w-separator size_medium\"><\/div><div class=\"wpb_text_column\"><div class=\"wpb_wrapper\"><h2 style=\"text-align: center; color: #fe822c;\">AIC CARE &amp; FORMATION<\/h2>\n<\/div><\/div><\/div><\/div><\/div><\/div><\/section><section class=\"l-section wpb_row height_auto\"><div class=\"l-section-h i-cf\"><div class=\"g-cols vc_row via_grid cols_1 laptops-cols_inherit tablets-cols_inherit mobiles-cols_1 valign_top type_default\"><div class=\"wpb_column vc_column_container\"><div class=\"vc_column-inner\"><div class=\"w-separator size_medium\"><\/div><div class=\"wpb_text_column\"><div class=\"wpb_wrapper\"><h4><strong style=\"text-decoration: underline;\">NOTRE PROGRAMME DE SERVICES PROFESSIONNELS ET CULINAIRES POUR LES RESTAURANTS ET HOTELIERS.<\/strong><\/h4>\n<\/div><\/div><div class=\"w-separator size_custom\" style=\"height:20px\"><\/div><\/div><\/div><\/div><\/div><\/section><section class=\"l-section wpb_row height_auto\"><div class=\"l-section-h i-cf\"><div class=\"g-cols vc_row via_grid cols_2 laptops-cols_inherit tablets-cols_inherit mobiles-cols_1 valign_top type_default\"><div class=\"wpb_column vc_column_container\"><div class=\"vc_column-inner\"><div class=\"w-image us_custom_7e20fa79 us_animate_this style_circle align_none\"><div class=\"w-image-h\"><img loading=\"lazy\" decoding=\"async\" width=\"1024\" height=\"663\" src=\"http:\/\/atelier-des-cuisiniers.com\/wp-content\/uploads\/2022\/07\/3-1024x663.png\" class=\"attachment-large size-large\" alt=\"\" srcset=\"http:\/\/atelier-des-cuisiniers.com\/wp-content\/uploads\/2022\/07\/3-1024x663.png 1024w, http:\/\/atelier-des-cuisiniers.com\/wp-content\/uploads\/2022\/07\/3-300x194.png 300w, http:\/\/atelier-des-cuisiniers.com\/wp-content\/uploads\/2022\/07\/3-18x12.png 18w, http:\/\/atelier-des-cuisiniers.com\/wp-content\/uploads\/2022\/07\/3.png 1102w, http:\/\/atelier-des-cuisiniers.com\/wp-content\/uploads\/2022\/07\/3-600x389.png 600w\" sizes=\"auto, (max-width: 1024px) 100vw, 1024px\" \/><\/div><\/div><\/div><\/div><div class=\"wpb_column vc_column_container\"><div class=\"vc_column-inner\"><div class=\"w-separator size_custom\" style=\"height:120px\"><\/div><div class=\"wpb_text_column us_custom_8f2ba1f4 us_animate_this\"><div class=\"wpb_wrapper\"><p style=\"text-align: justify;\">AIC Care vous permet d\u2019assurer une cuisine savoureuse, une exp\u00e9rience culinaire particuli\u00e8re et un service continu de haute qualit\u00e9 pour vos clients, sans se faire de soucis au niveau du personnel, m\u00eame en cas d\u2018impr\u00e9vus.<\/p>\n<p>&nbsp;<\/p>\n<hr \/>\n<\/div><\/div><\/div><\/div><\/div><\/div><\/section><section class=\"l-section wpb_row height_auto\"><div class=\"l-section-h i-cf\"><div class=\"g-cols vc_row via_grid cols_2 laptops-cols_inherit tablets-cols_inherit mobiles-cols_1 valign_top type_default reversed\"><div class=\"wpb_column vc_column_container\"><div class=\"vc_column-inner\"><div class=\"w-separator size_custom\" style=\"height:10px\"><\/div><div class=\"wpb_text_column us_custom_a25fe65d us_animate_this\"><div class=\"wpb_wrapper\"><p>Avec nos experts, nous vous proposons des services professionnels de haut niveau recouvrant le conseil et la gestion de vos ressources humaines qui constituent un pilier de votre business<\/p>\n<p>Diagnostique organisationnel de votre \u00e9tablissement de restauration.<br \/>\nGestion du volet ressources humaines de projet\u00a0de cr\u00e9ation d\u2019\u00e9tablissements de restauration (restaurants, cantines, fast-food\u2026), ainsi que suivi et \u00e9valuation des projets<br \/>\nGestion externalis\u00e9e de personnel de restauration (processus de recrutement, mise \u00e0 disposition, gestion administrative du personnel et remplacements, mise \u00e0 niveau du personnel mis \u00e0 disposition &amp; personnel de remplacement \u2026)<br \/>\nGestion externalis\u00e9e de la paye du personnel de restauration (traitement des salaires, d\u00e9clarations imp\u00f4ts sur les salaires &amp; cotisations sociales, \u00e9dition des bulletins des salaires ainsi que des \u00e9tats de paye pour la comptabilit\u00e9 \u2026)<br \/>\nRenforcement des capacit\u00e9s des ressources humaines.<br \/>\nR\u00e9alisation de bilan de comp\u00e9tence<br \/>\nGestion des budgets Frais de personnel\u2026<br \/>\n\u00c9conomisez, assurez vos performances culinaires et r\u00e9duisez vos risques commerciaux avec un pack de service sur mesure de l\u2019AIC<\/p>\n<\/div><\/div><\/div><\/div><div class=\"wpb_column vc_column_container\"><div class=\"vc_column-inner\"><div class=\"w-separator size_custom\" style=\"height:20px\"><\/div><div class=\"w-image us_custom_4ac853e1 us_animate_this style_outlined align_right\"><div class=\"w-image-h\"><img loading=\"lazy\" decoding=\"async\" width=\"834\" height=\"850\" src=\"http:\/\/atelier-des-cuisiniers.com\/wp-content\/uploads\/2022\/06\/aic-care-1.jpg\" class=\"attachment-full size-full\" alt=\"\" srcset=\"http:\/\/atelier-des-cuisiniers.com\/wp-content\/uploads\/2022\/06\/aic-care-1.jpg 834w, http:\/\/atelier-des-cuisiniers.com\/wp-content\/uploads\/2022\/06\/aic-care-1-294x300.jpg 294w, http:\/\/atelier-des-cuisiniers.com\/wp-content\/uploads\/2022\/06\/aic-care-1-12x12.jpg 12w, http:\/\/atelier-des-cuisiniers.com\/wp-content\/uploads\/2022\/06\/aic-care-1-392x400.jpg 392w\" sizes=\"auto, (max-width: 834px) 100vw, 834px\" \/><\/div><\/div><div class=\"w-separator size_large\"><\/div><\/div><\/div><\/div><\/div><\/section><section class=\"l-section wpb_row height_auto\"><div class=\"l-section-h i-cf\"><div class=\"g-cols vc_row via_grid cols_1 laptops-cols_inherit tablets-cols_inherit mobiles-cols_1 valign_top type_default\"><div class=\"wpb_column vc_column_container\"><div class=\"vc_column-inner\"><div class=\"wpb_text_column\"><div class=\"wpb_wrapper\"><p><strong style=\"color: #fe822c; text-align: left;\">AIC CARE EST VOTRE CLE SECRETE POUR UN PERSONNEL HAUTEMENT ENGAGE ET COMPETENT ET DES CLIENTS TRES SATISFAITS.<\/strong><\/p>\n<\/div><\/div><\/div><\/div><\/div><\/div><\/section><section class=\"l-section wpb_row height_small\"><div class=\"l-section-h i-cf\"><div class=\"g-cols vc_row via_grid cols_1 laptops-cols_inherit tablets-cols_inherit mobiles-cols_1 valign_top type_default\"><div class=\"wpb_column vc_column_container\"><div class=\"vc_column-inner\"><div class=\"w-separator size_medium\"><\/div><\/div><\/div><\/div><\/div><\/section><section class=\"l-section wpb_row height_huge color_primary with_img parallax_ver\"><div class=\"l-section-img\" style=\"background-image: url(http:\/\/atelier-des-cuisiniers.com\/wp-content\/uploads\/2016\/06\/us-placeholder-landscape.jpg);\" data-img-width=\"1800\" data-img-height=\"1200\"><\/div><div class=\"l-section-overlay\" style=\"background:rgba(2,2,2,0.6)\"><\/div><div class=\"l-section-h i-cf\"><div class=\"g-cols vc_row via_grid cols_1 laptops-cols_inherit tablets-cols_inherit mobiles-cols_1 valign_top type_default\"><div class=\"wpb_column vc_column_container\"><div class=\"vc_column-inner\"><h3 style=\"font-size: 2.7em;text-align: center;font-family:Satisfy;font-weight:400;font-style:normal\" class=\"vc_custom_heading\" >\"Une question, besoin d'une assistance\"<\/h3><div class=\"wpb_text_column\"><div class=\"wpb_wrapper\"><p style=\"text-align: center;\">&#8211; Nous sommes \u00e0 votre disposition 7j\/7 pour vous faire accompagner. &#8211;<br \/>\n(+225) 0778647943 \/ 0758661164<br \/>\ninfo@atelierdescuisiniers.com<\/p>\n<\/div><\/div><\/div><\/div><\/div><\/div><\/section><section class=\"l-section wpb_row height_large\"><div class=\"l-section-h i-cf\"><div class=\"g-cols vc_row via_grid cols_1 laptops-cols_inherit tablets-cols_inherit mobiles-cols_1 valign_top type_default\"><div class=\"wpb_column vc_column_container\"><div class=\"vc_column-inner\"><div class=\"w-btn-wrapper align_center\"><a class=\"w-btn us-btn-style_2 us_custom_6f9c3709\" href=\"http:\/\/atelier-des-cuisiniers.com\/fr\/\"><span class=\"w-btn-label\">Page Pr\u00e9c\u00e9dente<\/span><\/a><\/div><\/div><\/div><\/div><\/div><\/section>","protected":false},"excerpt":{"rendered":"","protected":false},"author":1,"featured_media":6922,"parent":0,"menu_order":0,"comment_status":"closed","ping_status":"closed","template":"","meta":{"_joinchat":[],"footnotes":""},"class_list":["post-7962","page","type-page","status-publish","has-post-thumbnail","hentry"],"_links":{"self":[{"href":"http:\/\/atelier-des-cuisiniers.com\/fr\/wp-json\/wp\/v2\/pages\/7962","targetHints":{"allow":["GET"]}}],"collection":[{"href":"http:\/\/atelier-des-cuisiniers.com\/fr\/wp-json\/wp\/v2\/pages"}],"about":[{"href":"http:\/\/atelier-des-cuisiniers.com\/fr\/wp-json\/wp\/v2\/types\/page"}],"author":[{"embeddable":true,"href":"http:\/\/atelier-des-cuisiniers.com\/fr\/wp-json\/wp\/v2\/users\/1"}],"replies":[{"embeddable":true,"href":"http:\/\/atelier-des-cuisiniers.com\/fr\/wp-json\/wp\/v2\/comments?post=7962"}],"version-history":[{"count":55,"href":"http:\/\/atelier-des-cuisiniers.com\/fr\/wp-json\/wp\/v2\/pages\/7962\/revisions"}],"predecessor-version":[{"id":9091,"href":"http:\/\/atelier-des-cuisiniers.com\/fr\/wp-json\/wp\/v2\/pages\/7962\/revisions\/9091"}],"wp:featuredmedia":[{"embeddable":true,"href":"http:\/\/atelier-des-cuisiniers.com\/fr\/wp-json\/wp\/v2\/media\/6922"}],"wp:attachment":[{"href":"http:\/\/atelier-des-cuisiniers.com\/fr\/wp-json\/wp\/v2\/media?parent=7962"}],"curies":[{"name":"wp","href":"https:\/\/api.w.org\/{rel}","templated":true}]}}