{"id":8097,"date":"2022-04-06T19:10:33","date_gmt":"2022-04-06T19:10:33","guid":{"rendered":"http:\/\/atelier-des-cuisiniers.com\/?page_id=8097"},"modified":"2022-08-29T12:47:10","modified_gmt":"2022-08-29T12:47:10","slug":"formation-level1","status":"publish","type":"page","link":"http:\/\/atelier-des-cuisiniers.com\/fr\/formation-level1\/","title":{"rendered":"Formation LEVEL 1"},"content":{"rendered":"<section class=\"l-section wpb_row height_auto\"><div class=\"l-section-h i-cf\"><div class=\"g-cols vc_row via_grid cols_1 laptops-cols_inherit tablets-cols_inherit mobiles-cols_1 valign_top type_default\"><div class=\"wpb_column vc_column_container\"><div class=\"vc_column-inner\"><div class=\"wpb_text_column\"><div class=\"wpb_wrapper\"><script type=\"text\/javascript\">\r\ndocument.addEventListener(\"DOMContentLoaded\", function(event) { \r\n\tjQuery( '#slider-pro-3-9235' ).sliderPro({\r\n\t\t\/\/width\r\n\t\t\t\tforceSize: 'fullWidth',\r\n\t\t\t\t\r\n\t\t\/\/height\r\n\t\t\t\theight: 230,\r\n\t\t\t\t\r\n\t\t\/\/auto play\r\n\t\t\t\tautoplay:  true,\r\n\t\tautoplayOnHover: 'none',\r\n\t\t\t\t\t\t\t\tautoplayDelay: 5000,\r\n\t\t\r\n\t\t\r\n\t\tarrows: true,\r\n\t\tbuttons: true,\r\n\t\tsmallSize: 500,\r\n\t\tmediumSize: 1000,\r\n\t\tlargeSize: 3000,\r\n\t\tfade: true,\r\n\t\t\r\n\t\t\/\/thumbnail\r\n\t\tthumbnailArrows: true,\r\n\t\tthumbnailWidth: 120,\r\n\t\tthumbnailHeight: 120,\r\n\t\t\t\t\t\tthumbnailsPosition: 'bottom',\r\n\t\t\t\t\t\tcenterImage: true,\r\n\t\timageScaleMode: 'cover',\r\n\t\tallowScaleUp: true,\r\n\t\t\t\tstartSlide: 0,\r\n\t\tloop: true,\r\n\t\tslideDistance: 5,\r\n\t\tautoplayDirection: 'normal',\r\n\t\ttouchSwipe: true,\r\n\t\tfullScreen: false,\r\n\t});\r\n});\r\n<\/script>\r\n\r\n\t\t<div id=\"slider-pro-3-9235\" class=\"slider-pro\">\r\n\t\t\t<!---- slides div start ---->\r\n\t\t\t<div class=\"sp-slides\">\r\n\t\t\t\t\t\t\t\t\t\t<div class=\"sp-slide\">\r\n\t\t\t\t\t\t\t<img decoding=\"async\" class=\"sp-image\" loading=\"lazy\" alt=\"10\" src=\"http:\/\/atelier-des-cuisiniers.com\/wp-content\/plugins\/ultimate-responsive-image-slider\/assets\/css\/images\/blank.gif\" data-src=\"http:\/\/atelier-des-cuisiniers.com\/wp-content\/uploads\/2022\/08\/10.webp\" \/>\r\n\r\n\t\t\t\t\t\t\t\r\n\t\t\t\t\t\t\t\t\t\t\t\t\t<\/div>\r\n\t\t\t\t\t\t\t\t\t\t\t\t<div class=\"sp-slide\">\r\n\t\t\t\t\t\t\t<img decoding=\"async\" class=\"sp-image\" loading=\"lazy\" alt=\"7\" src=\"http:\/\/atelier-des-cuisiniers.com\/wp-content\/plugins\/ultimate-responsive-image-slider\/assets\/css\/images\/blank.gif\" data-src=\"http:\/\/atelier-des-cuisiniers.com\/wp-content\/uploads\/2022\/08\/7.webp\" \/>\r\n\r\n\t\t\t\t\t\t\t\r\n\t\t\t\t\t\t\t\t\t\t\t\t\t<\/div>\r\n\t\t\t\t\t\t\t\t\t\t\t\t<div class=\"sp-slide\">\r\n\t\t\t\t\t\t\t<img decoding=\"async\" class=\"sp-image\" loading=\"lazy\" alt=\"9\" src=\"http:\/\/atelier-des-cuisiniers.com\/wp-content\/plugins\/ultimate-responsive-image-slider\/assets\/css\/images\/blank.gif\" data-src=\"http:\/\/atelier-des-cuisiniers.com\/wp-content\/uploads\/2022\/08\/9-2.webp\" \/>\r\n\r\n\t\t\t\t\t\t\t\r\n\t\t\t\t\t\t\t\t\t\t\t\t\t<\/div>\r\n\t\t\t\t\t\t\t\t\t<\/div>\r\n\t\t\t\r\n\t\t\t<!---- slides div end ---->\r\n\t\t\t\t\t\t<!-- slides thumbnails div end -->\r\n\t\t<\/div>\r\n\t\t<style>\r\n\/* Layout 3 *\/\r\n\/* border *\/\r\n#slider-pro-3-9235 .sp-selected-thumbnail {\r\n\tborder: 4px solid #000000;\r\n}\r\n\r\n\/* font + color *\/\r\n.title-in  {\r\n\tfont-family: Arial !important;\r\n\tcolor: #FFFFFF !important;\r\n\tbackground-color: #000000 !important;\r\n\topacity: 0.7 !important;\r\n}\r\n.desc-in  {\r\n\tfont-family: Arial !important;\r\n\tcolor: #FFFFFF !important;\r\n\tbackground-color: #00000 !important;\r\n\topacity: 0.7 !important;\r\n}\r\n\r\n\/* bullets color *\/\r\n.sp-button  {\r\n\tborder: 2px solid #000000 !important;\r\n}\r\n.sp-selected-button  {\r\n\tbackground-color: #000000 !important;\r\n}\r\n\r\n\/* pointer color - bottom *\/\r\n.sp-selected-thumbnail::before {\r\n\tborder-bottom: 5px solid #000000 !important;\r\n}\r\n.sp-selected-thumbnail::after {\r\n\tborder-bottom: 13px solid #000000 !important;\r\n}\r\n\r\n\/* pointer color - top *\/\r\n\r\n\/* full screen icon *\/\r\n.sp-full-screen-button::before {\r\n    color: #FFFFFF !important;\r\n}\r\n\r\n\/* hover navigation icon color *\/\r\n.sp-next-arrow::after, .sp-next-arrow::before {\r\n\tbackground-color: #FFFFFF !important;\r\n}\r\n.sp-previous-arrow::after, .sp-previous-arrow::before {\r\n\tbackground-color: #FFFFFF !important;\r\n}\r\n\r\n#slider-pro-3-9235 .title-in {\r\n\tcolor: #FFFFFF !important;\r\n\tfont-weight: bolder;\r\n\ttext-align: center;\r\n}\r\n\r\n#slider-pro-3-9235 .title-in-bg {\r\n\tbackground: rgba(255, 255, 255, 0.7); !important;\r\n\twhite-space: unset !important;\r\n\ttransform: initial !important;\r\n\t-webkit-transform: initial !important;\r\n\tfont-size: 14px !important;\r\n}\r\n\r\n#slider-pro-3-9235 .desc-in {\r\n\tcolor: #FFFFFF !important;\r\n\ttext-align: center;\r\n}\r\n#slider-pro-3-9235 .desc-in-bg {\r\n\tbackground: rgba(#00000, 0.7) !important;\r\n\twhite-space: unset !important;\r\n\ttransform: initial !important;\r\n\t-webkit-transform: initial !important;\r\n\tfont-size: 13px !important;\r\n}\r\n\r\n@media (max-width: 640px) {\r\n\t#slider-pro-3-9235 .hide-small-screen {\r\n\t\tdisplay: none;\r\n\t}\r\n}\r\n\r\n@media (max-width: 860px) {\r\n\t#slider-pro-3-9235 .sp-layer {\r\n\t\tfont-size: 18px;\r\n\t}\r\n\t\r\n\t#slider-pro-3-9235 .hide-medium-screen {\r\n\t\tdisplay: none;\r\n\t}\r\n}\r\n.slides-not-found {\r\n\tbackground-color: #a92929;\r\n\tborder-radius: 5px;\r\n\tcolor: #fff;\r\n\tfont-family: initial;\r\n\ttext-align: center;\r\n\tpadding:12px;\r\n}\r\n\/* Custom CSS *\/\r\n<\/style>\r\n\n<\/div><\/div><\/div><\/div><\/div><\/div><\/section><section class=\"l-section wpb_row height_auto\"><div class=\"l-section-h i-cf\"><div class=\"g-cols vc_row via_grid cols_1 laptops-cols_inherit tablets-cols_inherit mobiles-cols_1 valign_top type_default\"><div class=\"wpb_column vc_column_container\"><div class=\"vc_column-inner\"><div class=\"wpb_text_column us_custom_7e20fa79 us_animate_this\"><div class=\"wpb_wrapper\"><h3 style=\"color: #fe822c;\">PROFESSIONNEL \u00ab PRO LEVEL 1 \u00bb<\/h3>\n<\/div><\/div><div class=\"wpb_text_column us_custom_7e20fa79 us_animate_this\"><div class=\"wpb_wrapper\"><p><strong style=\"color: #000144;\">Dur\u00e9e : 3 Mois<\/strong><\/p>\n<\/div><\/div><div class=\"w-separator size_custom\" style=\"height:20px\"><\/div><\/div><\/div><\/div><\/div><\/section><section class=\"l-section wpb_row height_auto\"><div class=\"l-section-h i-cf\"><div class=\"g-cols vc_row via_grid cols_1 laptops-cols_inherit tablets-cols_inherit mobiles-cols_1 valign_top type_default\"><div class=\"wpb_column vc_column_container\"><div class=\"vc_column-inner\"><div class=\"wpb_text_column us_custom_a7f5a5fb us_animate_this\"><div class=\"wpb_wrapper\"><p>Ce programme est d\u00e9di\u00e9 aux personnes passionn\u00e9es de l\u2019art culinaire qui d\u00e9sirent faire carri\u00e8re dans ce domaine. Nous mettons \u00e0 votre disposition une formation qualifiante, tr\u00e8s pratique et suivie d\u2019un emploi. L\u2019AIC est le centre de formation id\u00e9al pour sculpter votre art et vous le faire vivre. Alors ne perdez plus une seconde, prenez la d\u00e9cision de vous faire former par l\u2019unique centre du genre en C\u00f4te d\u2019Ivoire.<br \/>\nSelon vos besoins et pr\u00e9f\u00e9rences<strong>\u00a0<\/strong>nous offrons jusqu\u2019\u00e0 16 modules repartis en 108 heures de formation \u00e9labor\u00e9e pour vous initier au monde culinaire et assurer vote ma\u00eetrise des techniques de pertinentes ou de base.<br \/>\nApr\u00e8s avoir valid\u00e9 les diff\u00e9rents cours et modules vous obtiendrez un Certificat AIC qui fera preuve de vos comp\u00e9tences et vos acquis en Cuisine ou en P\u00e2tisserie t vous dotera du titre Cuisinier ou P\u00e2tissier Certifi\u00e9.<\/p>\n<p>Le programme est\u00a0dispens\u00e9 en continue et se d\u00e9roule dans notre centre de formation, de pr\u00e9f\u00e9rence lundi, mercredi et vendredi de 09h-12h<\/p>\n<\/div><\/div><\/div><\/div><\/div><\/div><\/section><section class=\"l-section wpb_row height_auto\"><div class=\"l-section-h i-cf\"><div class=\"g-cols vc_row via_grid cols_2 laptops-cols_inherit tablets-cols_inherit mobiles-cols_1 valign_top type_default\"><div class=\"wpb_column vc_column_container\"><div class=\"vc_column-inner\"><div class=\"w-separator size_medium\"><\/div><div class=\"w-image us_custom_d39aace3 us_animate_this style_outlined align_left\"><div class=\"w-image-h\"><img loading=\"lazy\" decoding=\"async\" width=\"1960\" height=\"1323\" src=\"http:\/\/atelier-des-cuisiniers.com\/wp-content\/uploads\/2022\/08\/11v.jpg\" class=\"attachment-us_2000_2000 size-us_2000_2000\" alt=\"\" srcset=\"http:\/\/atelier-des-cuisiniers.com\/wp-content\/uploads\/2022\/08\/11v.jpg 1960w, http:\/\/atelier-des-cuisiniers.com\/wp-content\/uploads\/2022\/08\/11v-300x203.jpg 300w, http:\/\/atelier-des-cuisiniers.com\/wp-content\/uploads\/2022\/08\/11v-1024x691.jpg 1024w, http:\/\/atelier-des-cuisiniers.com\/wp-content\/uploads\/2022\/08\/11v-18x12.jpg 18w, http:\/\/atelier-des-cuisiniers.com\/wp-content\/uploads\/2022\/08\/11v-593x400.jpg 593w\" sizes=\"auto, (max-width: 1960px) 100vw, 1960px\" \/><\/div><\/div><div class=\"wpb_text_column us_custom_7e20fa79 us_animate_this\"><div class=\"wpb_wrapper\"><h4 style=\"color: #000144;\"><strong>Formation Professionnelle \u00ab Pro Level 1 \u00bb en Cuisine<\/strong><\/h4>\n<\/div><\/div><div class=\"wpb_text_column us_custom_a7f5a5fb us_animate_this\"><div class=\"wpb_wrapper\"><p>Cette formation renforcera votre confiance en vous et vous permettra d\u2019\u00eatre beaucoup plus autonome. Vous maitriserez les bases de la cuisine.<\/p>\n<\/div><\/div><div class=\"w-separator size_custom with_line width_default thick_1 style_solid color_border align_center\" style=\"height:20px\"><div class=\"w-separator-h\"><\/div><\/div><div class=\"wpb_text_column\"><div class=\"wpb_wrapper\"><p style=\"text-align: center; color: #fe822c;\"><strong>Exemples de modules :<\/strong><\/p>\n<\/div><\/div><div class=\"wpb_text_column us_custom_56fefe76 us_animate_this\"><div class=\"wpb_wrapper\"><p><em><span style=\"font-size: 12px;\"> <strong><strong>1 : HACCP &#8211;<\/strong> <strong>2 :Les couteaux, d\u00e9coupes et taillages des l\u00e9gumes.-<\/strong><strong> 3 : La batterie de cuisine &#8211;<\/strong> <strong>4 : Les Fonds, Fumets et soupes &#8211; <\/strong> <strong>5 : Les sauce de base et leurs d\u00e9riv\u00e9es &#8211;<\/strong><strong> 6 : Saveurs aromatiques et \u00c9ducation des sens 7-Salades, vinaigrette, et les l\u00e9gumes\u00a0&#8211; 8 : Hors d\u2019\u0153uvres\u00a0 &#8211;\u00a0 9 : C\u00e9r\u00e9ales &#8211; 10 : Petit d\u00e9jeuner \u00e9quilibr\u00e9 et \u00e9tude de l\u2019\u0153uf &#8211; 11 : P\u00e2tes et gnocchi blanches &#8211; 12 : Viandes blanches &#8211; 13 : Viandes rouges &#8211; 14 : \u00c9tude des poissons, des crustac\u00e9s et des coquillages &#8211; 15 : Cuisine internationale &#8211; 15 :<\/strong><strong>P\u00e2tisserie &#8211; 16: L\u2019\u00e9quilibre, sant\u00e9 et r\u00e9gimes alimentaires etc &#8230;<\/strong><\/strong><\/span><\/em><\/p>\n<\/div><\/div><\/div><\/div><div class=\"wpb_column vc_column_container\"><div class=\"vc_column-inner\"><div class=\"w-separator us_custom_46845caf us_animate_this size_medium\"><\/div><div class=\"w-image us_custom_d39aace3 us_animate_this style_outlined align_left\"><div class=\"w-image-h\"><img loading=\"lazy\" decoding=\"async\" width=\"1960\" height=\"1323\" src=\"http:\/\/atelier-des-cuisiniers.com\/wp-content\/uploads\/2022\/08\/12v.jpg\" class=\"attachment-us_2000_2000 size-us_2000_2000\" alt=\"\" srcset=\"http:\/\/atelier-des-cuisiniers.com\/wp-content\/uploads\/2022\/08\/12v.jpg 1960w, http:\/\/atelier-des-cuisiniers.com\/wp-content\/uploads\/2022\/08\/12v-300x203.jpg 300w, http:\/\/atelier-des-cuisiniers.com\/wp-content\/uploads\/2022\/08\/12v-1024x691.jpg 1024w, http:\/\/atelier-des-cuisiniers.com\/wp-content\/uploads\/2022\/08\/12v-18x12.jpg 18w, http:\/\/atelier-des-cuisiniers.com\/wp-content\/uploads\/2022\/08\/12v-593x400.jpg 593w\" sizes=\"auto, (max-width: 1960px) 100vw, 1960px\" \/><\/div><\/div><div class=\"wpb_text_column us_custom_47474b22 us_animate_this\"><div class=\"wpb_wrapper\"><h4 style=\"color: #000144;\"><strong>Formation Professionnelle \u00ab Pro Level 1 \u00bb en P\u00e2tisserie et Boulangerie<\/strong><\/h4>\n<\/div><\/div><div class=\"wpb_text_column us_custom_56fefe76 us_animate_this\"><div class=\"wpb_wrapper\"><p>La connaissance des recettes de viennoiserie et d\u2019entremets ; des techniques de la p\u00e2tisserie et des gestes professionnels appliqu\u00e9s ; le cake design ; la gestion des stocks et le respect des r\u00e8gles de l\u2019hygi\u00e8ne sont entre autres les comp\u00e9tences que vous acquerrez au terme de cette formation afin de devenir un p\u00e2tissier accomplit.<\/p>\n<\/div><\/div><\/div><\/div><\/div><\/div><\/section><section class=\"l-section wpb_row height_auto\"><div class=\"l-section-h i-cf\"><div class=\"g-cols vc_row via_grid cols_1 laptops-cols_inherit tablets-cols_inherit mobiles-cols_1 valign_top type_default\"><div class=\"wpb_column vc_column_container\"><div class=\"vc_column-inner\"><div class=\"w-separator size_custom\" style=\"height:20px\"><\/div><\/div><\/div><\/div><\/div><\/section><section class=\"l-section wpb_row height_auto\"><div class=\"l-section-h i-cf\"><div class=\"g-cols vc_row via_grid cols_1 laptops-cols_inherit tablets-cols_inherit mobiles-cols_1 valign_top type_default\"><div class=\"wpb_column vc_column_container\"><div class=\"vc_column-inner\"><div class=\"wpb_text_column\"><div class=\"wpb_wrapper\"><script type=\"text\/javascript\">\r\ndocument.addEventListener(\"DOMContentLoaded\", function(event) { \r\n\tjQuery( '#slider-pro-3-9244' ).sliderPro({\r\n\t\t\/\/width\r\n\t\t\t\twidth: 1000,\r\n\t\t\t\t\r\n\t\t\/\/height\r\n\t\t\t\theight: 300,\r\n\t\t\t\t\r\n\t\t\/\/auto play\r\n\t\t\t\tautoplay:  true,\r\n\t\tautoplayOnHover: 'none',\r\n\t\t\t\t\t\t\t\tautoplayDelay: 5000,\r\n\t\t\r\n\t\t\r\n\t\tarrows: true,\r\n\t\tbuttons: true,\r\n\t\tsmallSize: 500,\r\n\t\tmediumSize: 1000,\r\n\t\tlargeSize: 3000,\r\n\t\tfade: true,\r\n\t\t\r\n\t\t\/\/thumbnail\r\n\t\tthumbnailArrows: true,\r\n\t\tthumbnailWidth: 120,\r\n\t\tthumbnailHeight: 120,\r\n\t\t\t\t\t\tthumbnailsPosition: 'bottom',\r\n\t\t\t\t\t\tcenterImage: true,\r\n\t\timageScaleMode: 'cover',\r\n\t\tallowScaleUp: true,\r\n\t\t\t\tstartSlide: 0,\r\n\t\tloop: true,\r\n\t\tslideDistance: 5,\r\n\t\tautoplayDirection: 'normal',\r\n\t\ttouchSwipe: true,\r\n\t\tfullScreen: true,\r\n\t});\r\n});\r\n<\/script>\r\n\r\n\t\t<div id=\"slider-pro-3-9244\" class=\"slider-pro\">\r\n\t\t\t<!---- slides div start ---->\r\n\t\t\t<div class=\"sp-slides\">\r\n\t\t\t\t\t\t\t\t\t\t<div class=\"sp-slide\">\r\n\t\t\t\t\t\t\t<img decoding=\"async\" class=\"sp-image\" loading=\"lazy\" alt=\"pa9\" src=\"http:\/\/atelier-des-cuisiniers.com\/wp-content\/plugins\/ultimate-responsive-image-slider\/assets\/css\/images\/blank.gif\" data-src=\"http:\/\/atelier-des-cuisiniers.com\/wp-content\/uploads\/2022\/08\/pa9.jpg\" \/>\r\n\r\n\t\t\t\t\t\t\t\r\n\t\t\t\t\t\t\t\t\t\t\t\t\t<\/div>\r\n\t\t\t\t\t\t\t\t\t<\/div>\r\n\t\t\t\r\n\t\t\t<!---- slides div end ---->\r\n\t\t\t\t\t\t<!-- slides thumbnails div end -->\r\n\t\t<\/div>\r\n\t\t<style>\r\n\/* Layout 3 *\/\r\n\/* border *\/\r\n#slider-pro-3-9244 .sp-selected-thumbnail {\r\n\tborder: 4px solid #000000;\r\n}\r\n\r\n\/* font + color *\/\r\n.title-in  {\r\n\tfont-family: Arial !important;\r\n\tcolor: #FFFFFF !important;\r\n\tbackground-color: #000000 !important;\r\n\topacity: 0.7 !important;\r\n}\r\n.desc-in  {\r\n\tfont-family: Arial !important;\r\n\tcolor: #FFFFFF !important;\r\n\tbackground-color: #00000 !important;\r\n\topacity: 0.7 !important;\r\n}\r\n\r\n\/* bullets color *\/\r\n.sp-button  {\r\n\tborder: 2px solid #000000 !important;\r\n}\r\n.sp-selected-button  {\r\n\tbackground-color: #000000 !important;\r\n}\r\n\r\n\/* pointer color - bottom *\/\r\n.sp-selected-thumbnail::before {\r\n\tborder-bottom: 5px solid #000000 !important;\r\n}\r\n.sp-selected-thumbnail::after {\r\n\tborder-bottom: 13px solid #000000 !important;\r\n}\r\n\r\n\/* pointer color - top *\/\r\n\r\n\/* full screen icon *\/\r\n.sp-full-screen-button::before {\r\n    color: #FFFFFF !important;\r\n}\r\n\r\n\/* hover navigation icon color *\/\r\n.sp-next-arrow::after, .sp-next-arrow::before {\r\n\tbackground-color: #FFFFFF !important;\r\n}\r\n.sp-previous-arrow::after, .sp-previous-arrow::before {\r\n\tbackground-color: #FFFFFF !important;\r\n}\r\n\r\n#slider-pro-3-9244 .title-in {\r\n\tcolor: #FFFFFF !important;\r\n\tfont-weight: bolder;\r\n\ttext-align: center;\r\n}\r\n\r\n#slider-pro-3-9244 .title-in-bg {\r\n\tbackground: rgba(255, 255, 255, 0.7); !important;\r\n\twhite-space: unset !important;\r\n\ttransform: initial !important;\r\n\t-webkit-transform: initial !important;\r\n\tfont-size: 14px !important;\r\n}\r\n\r\n#slider-pro-3-9244 .desc-in {\r\n\tcolor: #FFFFFF !important;\r\n\ttext-align: center;\r\n}\r\n#slider-pro-3-9244 .desc-in-bg {\r\n\tbackground: rgba(#00000, 0.7) !important;\r\n\twhite-space: unset !important;\r\n\ttransform: initial !important;\r\n\t-webkit-transform: initial !important;\r\n\tfont-size: 13px !important;\r\n}\r\n\r\n@media (max-width: 640px) {\r\n\t#slider-pro-3-9244 .hide-small-screen {\r\n\t\tdisplay: none;\r\n\t}\r\n}\r\n\r\n@media (max-width: 860px) {\r\n\t#slider-pro-3-9244 .sp-layer {\r\n\t\tfont-size: 18px;\r\n\t}\r\n\t\r\n\t#slider-pro-3-9244 .hide-medium-screen {\r\n\t\tdisplay: none;\r\n\t}\r\n}\r\n.slides-not-found {\r\n\tbackground-color: #a92929;\r\n\tborder-radius: 5px;\r\n\tcolor: #fff;\r\n\tfont-family: initial;\r\n\ttext-align: center;\r\n\tpadding:12px;\r\n}\r\n\/* Custom CSS *\/\r\n<\/style>\r\n\n<\/div><\/div><\/div><\/div><\/div><\/div><\/section><section class=\"l-section wpb_row height_custom\"><div class=\"l-section-h i-cf\"><div class=\"g-cols vc_row via_grid cols_1 laptops-cols_inherit tablets-cols_inherit mobiles-cols_1 valign_top type_default\"><div class=\"wpb_column vc_column_container\"><div class=\"vc_column-inner\"><div class=\"w-separator size_custom\" style=\"height:20px\"><\/div><\/div><\/div><\/div><\/div><\/section>","protected":false},"excerpt":{"rendered":"","protected":false},"author":3,"featured_media":0,"parent":0,"menu_order":0,"comment_status":"closed","ping_status":"closed","template":"","meta":{"_joinchat":[],"footnotes":""},"class_list":["post-8097","page","type-page","status-publish","hentry"],"_links":{"self":[{"href":"http:\/\/atelier-des-cuisiniers.com\/fr\/wp-json\/wp\/v2\/pages\/8097","targetHints":{"allow":["GET"]}}],"collection":[{"href":"http:\/\/atelier-des-cuisiniers.com\/fr\/wp-json\/wp\/v2\/pages"}],"about":[{"href":"http:\/\/atelier-des-cuisiniers.com\/fr\/wp-json\/wp\/v2\/types\/page"}],"author":[{"embeddable":true,"href":"http:\/\/atelier-des-cuisiniers.com\/fr\/wp-json\/wp\/v2\/users\/3"}],"replies":[{"embeddable":true,"href":"http:\/\/atelier-des-cuisiniers.com\/fr\/wp-json\/wp\/v2\/comments?post=8097"}],"version-history":[{"count":123,"href":"http:\/\/atelier-des-cuisiniers.com\/fr\/wp-json\/wp\/v2\/pages\/8097\/revisions"}],"predecessor-version":[{"id":9411,"href":"http:\/\/atelier-des-cuisiniers.com\/fr\/wp-json\/wp\/v2\/pages\/8097\/revisions\/9411"}],"wp:attachment":[{"href":"http:\/\/atelier-des-cuisiniers.com\/fr\/wp-json\/wp\/v2\/media?parent=8097"}],"curies":[{"name":"wp","href":"https:\/\/api.w.org\/{rel}","templated":true}]}}