{"id":8494,"date":"2022-06-08T14:17:47","date_gmt":"2022-06-08T14:17:47","guid":{"rendered":"http:\/\/atelier-des-cuisiniers.com\/?page_id=8494"},"modified":"2022-08-02T19:41:05","modified_gmt":"2022-08-02T19:41:05","slug":"formationdeniveau-2","status":"publish","type":"page","link":"http:\/\/atelier-des-cuisiniers.com\/fr\/formationdeniveau-2\/","title":{"rendered":"Formation Haut Niveau"},"content":{"rendered":"<section class=\"l-section wpb_row height_auto\"><div class=\"l-section-h i-cf\"><div class=\"g-cols vc_row via_grid cols_1 laptops-cols_inherit tablets-cols_inherit mobiles-cols_1 valign_top type_default\"><div class=\"wpb_column vc_column_container\"><div class=\"vc_column-inner\"><div class=\"wpb_text_column\"><div class=\"wpb_wrapper\"><script type=\"text\/javascript\">\r\ndocument.addEventListener(\"DOMContentLoaded\", function(event) { \r\n\tjQuery( '#slider-pro-3-8306' ).sliderPro({\r\n\t\t\/\/width\r\n\t\t\t\tforceSize: 'fullWidth',\r\n\t\t\t\t\r\n\t\t\/\/height\r\n\t\t\t\theight: 200,\r\n\t\t\t\t\r\n\t\t\/\/auto play\r\n\t\t\t\tautoplay:  true,\r\n\t\tautoplayOnHover: 'none',\r\n\t\t\t\t\t\t\t\tautoplayDelay: 5000,\r\n\t\t\r\n\t\t\r\n\t\tarrows: true,\r\n\t\tbuttons: true,\r\n\t\tsmallSize: 500,\r\n\t\tmediumSize: 1000,\r\n\t\tlargeSize: 3000,\r\n\t\tfade: true,\r\n\t\t\r\n\t\t\/\/thumbnail\r\n\t\tthumbnailArrows: true,\r\n\t\tthumbnailWidth: 120,\r\n\t\tthumbnailHeight: 120,\r\n\t\t\t\t\t\tthumbnailsPosition: 'bottom',\r\n\t\t\t\t\t\tcenterImage: true,\r\n\t\timageScaleMode: 'cover',\r\n\t\tallowScaleUp: true,\r\n\t\t\t\tstartSlide: 0,\r\n\t\tloop: true,\r\n\t\tslideDistance: 5,\r\n\t\tautoplayDirection: 'normal',\r\n\t\ttouchSwipe: true,\r\n\t\tfullScreen: true,\r\n\t});\r\n});\r\n<\/script>\r\n\r\n\t\t<div id=\"slider-pro-3-8306\" class=\"slider-pro\">\r\n\t\t\t<!---- slides div start ---->\r\n\t\t\t<div class=\"sp-slides\">\r\n\t\t\t\t\t\t\t\t\t\t<div class=\"sp-slide\">\r\n\t\t\t\t\t\t\t<img decoding=\"async\" class=\"sp-image\" loading=\"lazy\" alt=\"depositphotos_390667658-stock-photo-male-african-american-chef-cooking\" src=\"http:\/\/atelier-des-cuisiniers.com\/wp-content\/plugins\/ultimate-responsive-image-slider\/assets\/css\/images\/blank.gif\" data-src=\"http:\/\/atelier-des-cuisiniers.com\/wp-content\/uploads\/2022\/08\/depositphotos_390667658-stock-photo-male-african-american-chef-cooking.webp\" \/>\r\n\r\n\t\t\t\t\t\t\t\r\n\t\t\t\t\t\t\t\t\t\t\t\t\t<\/div>\r\n\t\t\t\t\t\t\t\t\t\t\t\t<div class=\"sp-slide\">\r\n\t\t\t\t\t\t\t<img decoding=\"async\" class=\"sp-image\" loading=\"lazy\" alt=\"KODAK Digital Still Camera\" src=\"http:\/\/atelier-des-cuisiniers.com\/wp-content\/plugins\/ultimate-responsive-image-slider\/assets\/css\/images\/blank.gif\" data-src=\"http:\/\/atelier-des-cuisiniers.com\/wp-content\/uploads\/2022\/06\/1o.jpg\" \/>\r\n\r\n\t\t\t\t\t\t\t\r\n\t\t\t\t\t\t\t\t\t\t\t\t\t<\/div>\r\n\t\t\t\t\t\t\t\t\t<\/div>\r\n\t\t\t\r\n\t\t\t<!---- slides div end ---->\r\n\t\t\t\t\t\t<!-- slides thumbnails div end -->\r\n\t\t<\/div>\r\n\t\t<style>\r\n\/* Layout 3 *\/\r\n\/* border *\/\r\n#slider-pro-3-8306 .sp-selected-thumbnail {\r\n\tborder: 4px solid #000000;\r\n}\r\n\r\n\/* font + color *\/\r\n.title-in  {\r\n\tfont-family: Arial !important;\r\n\tcolor: #FFFFFF !important;\r\n\tbackground-color: #000000 !important;\r\n\topacity: 0.7 !important;\r\n}\r\n.desc-in  {\r\n\tfont-family: Arial !important;\r\n\tcolor: #FFFFFF !important;\r\n\tbackground-color: #00000 !important;\r\n\topacity: 0.7 !important;\r\n}\r\n\r\n\/* bullets color *\/\r\n.sp-button  {\r\n\tborder: 2px solid #000000 !important;\r\n}\r\n.sp-selected-button  {\r\n\tbackground-color: #000000 !important;\r\n}\r\n\r\n\/* pointer color - bottom *\/\r\n.sp-selected-thumbnail::before {\r\n\tborder-bottom: 5px solid #000000 !important;\r\n}\r\n.sp-selected-thumbnail::after {\r\n\tborder-bottom: 13px solid #000000 !important;\r\n}\r\n\r\n\/* pointer color - top *\/\r\n\r\n\/* full screen icon *\/\r\n.sp-full-screen-button::before {\r\n    color: #FFFFFF !important;\r\n}\r\n\r\n\/* hover navigation icon color *\/\r\n.sp-next-arrow::after, .sp-next-arrow::before {\r\n\tbackground-color: #FFFFFF !important;\r\n}\r\n.sp-previous-arrow::after, .sp-previous-arrow::before {\r\n\tbackground-color: #FFFFFF !important;\r\n}\r\n\r\n#slider-pro-3-8306 .title-in {\r\n\tcolor: #FFFFFF !important;\r\n\tfont-weight: bolder;\r\n\ttext-align: center;\r\n}\r\n\r\n#slider-pro-3-8306 .title-in-bg {\r\n\tbackground: rgba(255, 255, 255, 0.7); !important;\r\n\twhite-space: unset !important;\r\n\ttransform: initial !important;\r\n\t-webkit-transform: initial !important;\r\n\tfont-size: 14px !important;\r\n}\r\n\r\n#slider-pro-3-8306 .desc-in {\r\n\tcolor: #FFFFFF !important;\r\n\ttext-align: center;\r\n}\r\n#slider-pro-3-8306 .desc-in-bg {\r\n\tbackground: rgba(#00000, 0.7) !important;\r\n\twhite-space: unset !important;\r\n\ttransform: initial !important;\r\n\t-webkit-transform: initial !important;\r\n\tfont-size: 13px !important;\r\n}\r\n\r\n@media (max-width: 640px) {\r\n\t#slider-pro-3-8306 .hide-small-screen {\r\n\t\tdisplay: none;\r\n\t}\r\n}\r\n\r\n@media (max-width: 860px) {\r\n\t#slider-pro-3-8306 .sp-layer {\r\n\t\tfont-size: 18px;\r\n\t}\r\n\t\r\n\t#slider-pro-3-8306 .hide-medium-screen {\r\n\t\tdisplay: none;\r\n\t}\r\n}\r\n.slides-not-found {\r\n\tbackground-color: #a92929;\r\n\tborder-radius: 5px;\r\n\tcolor: #fff;\r\n\tfont-family: initial;\r\n\ttext-align: center;\r\n\tpadding:12px;\r\n}\r\n\/* Custom CSS *\/\r\n<\/style>\r\n\n<\/div><\/div><\/div><\/div><\/div><\/div><\/section><section class=\"l-section wpb_row height_auto\"><div class=\"l-section-h i-cf\"><div class=\"g-cols vc_row via_grid cols_1 laptops-cols_inherit tablets-cols_inherit mobiles-cols_1 valign_top type_default\" style=\"grid-gap:0rem;\"><div class=\"wpb_column vc_column_container\"><div class=\"vc_column-inner\"><div class=\"wpb_text_column\"><div class=\"wpb_wrapper\"><table border=\"1\">\n<tbody>\n<tr>\n<td>\n<h3 style=\"text-align: center; color: #fe822c;\">L\u2019AIC POUR VOTRE REUSSITE DANS LE MONDE DE LA CUISINE!<\/h3>\n<\/td>\n<\/tr>\n<\/tbody>\n<\/table>\n<h4 style=\"text-align: center;\"><\/h4>\n<\/div><\/div><\/div><\/div><\/div><\/div><\/section><section class=\"l-section wpb_row height_auto\"><div class=\"l-section-h i-cf\"><div class=\"g-cols vc_row via_grid cols_2-1 laptops-cols_inherit tablets-cols_inherit mobiles-cols_1 valign_top type_default\"><div class=\"wpb_column vc_column_container\"><div class=\"vc_column-inner\"><div class=\"w-separator size_medium\"><\/div><div class=\"wpb_text_column us_custom_432d3f53\"><div class=\"wpb_wrapper\"><h4><strong style=\"text-decoration: underline;\">FORMATION CULINAIRE DE HAUT NIVEAU !!!<\/strong><\/h4>\n<h4 style=\"color: #fe822c; text-align: left;\">Cuisine<\/h4>\n<p>L\u2019AIC vous offre une formation culinaire pratique de terrain et de haut niveau tout en tenant compte des aspects th\u00e9oriques et nutritionnels de la cuisine moderne.<\/p>\n<p>La formation permet aux Apprenants d\u2019approfondir leurs connaissances dans plusieurs domaines et de maitriser les techniques avanc\u00e9es de la cuisine modern. Elles couvrent plusieurs th\u00e8mes et modules que nous configurons selon les besoins de l\u2019apprenant. Pour citer quelques exemples :<\/p>\n<p>Accro\u00eetre ses connaissances de base des l\u00e9gumes &#8211; S\u2019initier \u00e0 la cuisine v\u00e9g\u00e9tarienne et bien-\u00eatre &#8211; Renforcer ses connaissances des viandes et volailles &#8211; Renforcer ses connaissances des poissons, coquillages, crustac\u00e9s, et les sauces qui les accompagnent &#8211; D\u00e9couvrir la cuisine d\u2019ailleurs -S\u2019initier au tapas et pi\u00e8ces de cocktails &#8211; R\u00e9aliser des sandwiches de Palace &#8211; Approfondir sur les classiques de la cuisine Ivoirienne.<br \/>\nApr\u00e8s l\u2019accomplissement de la formation vous serez dot\u00e9 d\u2019un certificat AIC \u00a0selon les objectifs d\u00e9finis et comp\u00e9tences acquises: Boosting, Cuisinier Certifi\u00e9 (Level1, \u00a0Level2 ou Level 3).<\/p>\n<\/div><\/div><\/div><\/div><div class=\"wpb_column vc_column_container\"><div class=\"vc_column-inner\"><div class=\"w-separator size_medium\"><\/div><div class=\"w-image us_custom_4ac853e1 us_animate_this align_none\"><div class=\"w-image-h\"><img loading=\"lazy\" decoding=\"async\" width=\"709\" height=\"945\" src=\"http:\/\/atelier-des-cuisiniers.com\/wp-content\/uploads\/2022\/06\/1-v.jpg\" class=\"attachment-full size-full\" alt=\"\" srcset=\"http:\/\/atelier-des-cuisiniers.com\/wp-content\/uploads\/2022\/06\/1-v.jpg 709w, http:\/\/atelier-des-cuisiniers.com\/wp-content\/uploads\/2022\/06\/1-v-225x300.jpg 225w, http:\/\/atelier-des-cuisiniers.com\/wp-content\/uploads\/2022\/06\/1-v-9x12.jpg 9w, http:\/\/atelier-des-cuisiniers.com\/wp-content\/uploads\/2022\/06\/1-v-300x400.jpg 300w\" sizes=\"auto, (max-width: 709px) 100vw, 709px\" \/><\/div><\/div><\/div><\/div><\/div><\/div><\/section><section class=\"l-section wpb_row height_auto\"><div class=\"l-section-h i-cf\"><div class=\"g-cols vc_row via_grid cols_1 laptops-cols_inherit tablets-cols_inherit mobiles-cols_1 valign_top type_default\"><div class=\"wpb_column vc_column_container\"><div class=\"vc_column-inner\"><div class=\"wpb_text_column\"><div class=\"wpb_wrapper\"><hr \/>\n<\/div><\/div><div class=\"w-separator size_medium\"><\/div><\/div><\/div><\/div><\/div><\/section><section class=\"l-section wpb_row height_auto\"><div class=\"l-section-h i-cf\"><div class=\"g-cols vc_row via_grid cols_2 laptops-cols_inherit tablets-cols_inherit mobiles-cols_1 valign_top type_default\"><div class=\"wpb_column vc_column_container\"><div class=\"vc_column-inner\"><div class=\"w-image us_custom_73afe2ba us_animate_this style_outlined align_left\"><div class=\"w-image-h\"><img loading=\"lazy\" decoding=\"async\" width=\"680\" height=\"312\" src=\"http:\/\/atelier-des-cuisiniers.com\/wp-content\/uploads\/2022\/06\/4-v.jpg\" class=\"attachment-full size-full\" alt=\"\" srcset=\"http:\/\/atelier-des-cuisiniers.com\/wp-content\/uploads\/2022\/06\/4-v.jpg 680w, http:\/\/atelier-des-cuisiniers.com\/wp-content\/uploads\/2022\/06\/4-v-300x138.jpg 300w, http:\/\/atelier-des-cuisiniers.com\/wp-content\/uploads\/2022\/06\/4-v-18x8.jpg 18w, http:\/\/atelier-des-cuisiniers.com\/wp-content\/uploads\/2022\/06\/4-v-600x275.jpg 600w\" sizes=\"auto, (max-width: 680px) 100vw, 680px\" \/><\/div><\/div><\/div><\/div><div class=\"wpb_column vc_column_container\"><div class=\"vc_column-inner\"><div class=\"wpb_text_column us_custom_432d3f53\"><div class=\"wpb_wrapper\"><h4 style=\"color: #fe822c;\">Gestion<\/h4>\n<p><strong>Comment vous pr\u00e9parer \u00e0 g\u00e9rer avec succ\u00e8s un \u00e9tablissements culinaire\u00a0?<\/strong><br \/>\nLa formation AIC va au-del\u00e0 des connaissances et pratiques culinaires. Elle permet aux professionnels d\u2019acqu\u00e9rir des comp\u00e9tences avanc\u00e9es dans la gestion et l\u2019organisation du quotidien d\u2019un restaurant: travail en \u00e9quipe, gestion et contr\u00f4le de la production et des stocks, respect des proc\u00e9dures et m\u00e9thodes de fabrication, conservation, etc.<\/p>\n<\/div><\/div><\/div><\/div><\/div><\/div><\/section><section class=\"l-section wpb_row height_auto\"><div class=\"l-section-h i-cf\"><div class=\"g-cols vc_row via_grid cols_1 laptops-cols_inherit tablets-cols_inherit mobiles-cols_1 valign_top type_default\"><div class=\"wpb_column vc_column_container\"><div class=\"vc_column-inner\"><div class=\"wpb_text_column\"><div class=\"wpb_wrapper\"><hr \/>\n<\/div><\/div><div class=\"w-separator size_medium\"><\/div><\/div><\/div><\/div><\/div><\/section><section class=\"l-section wpb_row height_auto\"><div class=\"l-section-h i-cf\"><div class=\"g-cols vc_row via_grid cols_2 laptops-cols_inherit tablets-cols_inherit mobiles-cols_1 valign_top type_default\"><div class=\"wpb_column vc_column_container\"><div class=\"vc_column-inner\"><div class=\"wpb_text_column us_custom_432d3f53\"><div class=\"wpb_wrapper\"><h4 style=\"color: #fe822c;\">Entreprenariat<\/h4>\n<p><strong>Comment vous pr\u00e9parer \u00e0 la r\u00e9alisation de votre r\u00eave? <\/strong><br \/>\nL&#8217;AIC est engag\u00e9 dans la promotion de l&#8217;entreprenariat et donc dans la formation, le support et le suivi des entrepreneurs.<br \/>\nL\u2019AIC vous propose un partenariat et une assistance continue pour le lancement de votre restaurant ou service fast-food qui englobe tout le cycle de l\u2019id\u00e9e initiale jusqu\u2019\u00e0 la r\u00e9alisation: \u00e9valuation et affinement de l\u2019id\u00e9e, d\u00e9veloppement de la strat\u00e9gie et du mod\u00e8le de business, la conception et la r\u00e9alisation (cr\u00e9ation de restaurant), op\u00e9ration et conseil, etc.<\/p>\n<\/div><\/div><\/div><\/div><div class=\"wpb_column vc_column_container\"><div class=\"vc_column-inner\"><div class=\"w-image us_custom_4ac853e1 us_animate_this style_outlined align_right\"><div class=\"w-image-h\"><img loading=\"lazy\" decoding=\"async\" width=\"737\" height=\"397\" src=\"http:\/\/atelier-des-cuisiniers.com\/wp-content\/uploads\/2022\/06\/3v-3.jpg\" class=\"attachment-full size-full\" alt=\"\" srcset=\"http:\/\/atelier-des-cuisiniers.com\/wp-content\/uploads\/2022\/06\/3v-3.jpg 737w, http:\/\/atelier-des-cuisiniers.com\/wp-content\/uploads\/2022\/06\/3v-3-300x162.jpg 300w, http:\/\/atelier-des-cuisiniers.com\/wp-content\/uploads\/2022\/06\/3v-3-18x10.jpg 18w, http:\/\/atelier-des-cuisiniers.com\/wp-content\/uploads\/2022\/06\/3v-3-600x323.jpg 600w\" sizes=\"auto, (max-width: 737px) 100vw, 737px\" \/><\/div><\/div><\/div><\/div><\/div><\/div><\/section><section class=\"l-section wpb_row height_auto\"><div class=\"l-section-h i-cf\"><div class=\"g-cols vc_row via_grid cols_1 laptops-cols_inherit tablets-cols_inherit mobiles-cols_1 valign_top type_default\"><div class=\"wpb_column vc_column_container\"><div class=\"vc_column-inner\"><div class=\"w-separator size_medium\"><\/div><\/div><\/div><\/div><\/div><\/section><section class=\"l-section wpb_row height_huge color_primary with_img parallax_ver\"><div class=\"l-section-img\" style=\"background-image: url(http:\/\/atelier-des-cuisiniers.com\/wp-content\/uploads\/2016\/06\/us-placeholder-landscape.jpg);\" data-img-width=\"1800\" data-img-height=\"1200\"><\/div><div class=\"l-section-overlay\" style=\"background:rgba(2,2,2,0.6)\"><\/div><div class=\"l-section-h i-cf\"><div class=\"g-cols vc_row via_grid cols_1 laptops-cols_inherit tablets-cols_inherit mobiles-cols_1 valign_top type_default\"><div class=\"wpb_column vc_column_container\"><div class=\"vc_column-inner\"><h3 style=\"font-size: 2.7em;text-align: center;font-family:Satisfy;font-weight:400;font-style:normal\" class=\"vc_custom_heading\" >\"Une question, besoin d'une assistance\"<\/h3><div class=\"wpb_text_column\"><div class=\"wpb_wrapper\"><p style=\"text-align: center;\">&#8211; Nous sommes \u00e0 votre disposition 7j\/7 pour vous faire accompagner. &#8211;<br \/>\n(+225) 0778647943 \/ 0758661164<br \/>\ninfo@atelierdescuisiniers.com<\/p>\n<\/div><\/div><\/div><\/div><\/div><\/div><\/section><section class=\"l-section wpb_row height_large\"><div class=\"l-section-h i-cf\"><div class=\"g-cols vc_row via_grid cols_1 laptops-cols_inherit tablets-cols_inherit mobiles-cols_1 valign_top type_default\"><div class=\"wpb_column vc_column_container\"><div class=\"vc_column-inner\"><div class=\"w-btn-wrapper align_center\"><a class=\"w-btn us-btn-style_2 us_custom_6f9c3709\" href=\"http:\/\/atelier-des-cuisiniers.com\/fr\/\"><span class=\"w-btn-label\">Page Pr\u00e9c\u00e9dente<\/span><\/a><\/div><\/div><\/div><\/div><\/div><\/section><section class=\"l-section wpb_row height_custom\"><div class=\"l-section-h i-cf\"><div class=\"g-cols vc_row via_grid cols_1 laptops-cols_inherit tablets-cols_inherit mobiles-cols_1 valign_top type_default\"><div class=\"wpb_column vc_column_container\"><div class=\"vc_column-inner\"><\/div><\/div><\/div><\/div><\/section><section class=\"l-section wpb_row height_custom\"><div class=\"l-section-h i-cf\"><div class=\"g-cols vc_row via_grid cols_1 laptops-cols_inherit tablets-cols_inherit mobiles-cols_1 valign_top type_default\"><div class=\"wpb_column vc_column_container\"><div class=\"vc_column-inner\"><\/div><\/div><\/div><\/div><\/section>","protected":false},"excerpt":{"rendered":"","protected":false},"author":1,"featured_media":6922,"parent":0,"menu_order":0,"comment_status":"closed","ping_status":"closed","template":"","meta":{"_joinchat":[],"footnotes":""},"class_list":["post-8494","page","type-page","status-publish","has-post-thumbnail","hentry"],"_links":{"self":[{"href":"http:\/\/atelier-des-cuisiniers.com\/fr\/wp-json\/wp\/v2\/pages\/8494","targetHints":{"allow":["GET"]}}],"collection":[{"href":"http:\/\/atelier-des-cuisiniers.com\/fr\/wp-json\/wp\/v2\/pages"}],"about":[{"href":"http:\/\/atelier-des-cuisiniers.com\/fr\/wp-json\/wp\/v2\/types\/page"}],"author":[{"embeddable":true,"href":"http:\/\/atelier-des-cuisiniers.com\/fr\/wp-json\/wp\/v2\/users\/1"}],"replies":[{"embeddable":true,"href":"http:\/\/atelier-des-cuisiniers.com\/fr\/wp-json\/wp\/v2\/comments?post=8494"}],"version-history":[{"count":67,"href":"http:\/\/atelier-des-cuisiniers.com\/fr\/wp-json\/wp\/v2\/pages\/8494\/revisions"}],"predecessor-version":[{"id":9151,"href":"http:\/\/atelier-des-cuisiniers.com\/fr\/wp-json\/wp\/v2\/pages\/8494\/revisions\/9151"}],"wp:featuredmedia":[{"embeddable":true,"href":"http:\/\/atelier-des-cuisiniers.com\/fr\/wp-json\/wp\/v2\/media\/6922"}],"wp:attachment":[{"href":"http:\/\/atelier-des-cuisiniers.com\/fr\/wp-json\/wp\/v2\/media?parent=8494"}],"curies":[{"name":"wp","href":"https:\/\/api.w.org\/{rel}","templated":true}]}}