{"id":9022,"date":"2022-07-19T07:08:06","date_gmt":"2022-07-19T07:08:06","guid":{"rendered":"http:\/\/atelier-des-cuisiniers.com\/?page_id=9022"},"modified":"2022-08-29T12:50:13","modified_gmt":"2022-08-29T12:50:13","slug":"formation-level2","status":"publish","type":"page","link":"http:\/\/atelier-des-cuisiniers.com\/fr\/formation-level2\/","title":{"rendered":"Formation Professionnelle level 2"},"content":{"rendered":"<section class=\"l-section wpb_row height_auto\"><div class=\"l-section-h i-cf\"><div class=\"g-cols vc_row via_grid cols_1 laptops-cols_inherit tablets-cols_inherit mobiles-cols_1 valign_top type_default\"><div class=\"wpb_column vc_column_container\"><div class=\"vc_column-inner\"><div class=\"wpb_text_column\"><div class=\"wpb_wrapper\"><script type=\"text\/javascript\">\r\ndocument.addEventListener(\"DOMContentLoaded\", function(event) { \r\n\tjQuery( '#slider-pro-3-8804' ).sliderPro({\r\n\t\t\/\/width\r\n\t\t\t\tforceSize: 'fullWidth',\r\n\t\t\t\t\r\n\t\t\/\/height\r\n\t\t\t\theight: 200,\r\n\t\t\t\t\r\n\t\t\/\/auto play\r\n\t\t\t\tautoplay:  true,\r\n\t\tautoplayOnHover: 'none',\r\n\t\t\t\t\t\t\t\tautoplayDelay: 5000,\r\n\t\t\r\n\t\t\r\n\t\tarrows: true,\r\n\t\tbuttons: true,\r\n\t\tsmallSize: 500,\r\n\t\tmediumSize: 1000,\r\n\t\tlargeSize: 3000,\r\n\t\tfade: true,\r\n\t\t\r\n\t\t\/\/thumbnail\r\n\t\tthumbnailArrows: true,\r\n\t\tthumbnailWidth: 120,\r\n\t\tthumbnailHeight: 120,\r\n\t\t\t\t\t\tthumbnailsPosition: 'bottom',\r\n\t\t\t\t\t\tcenterImage: true,\r\n\t\timageScaleMode: 'cover',\r\n\t\tallowScaleUp: true,\r\n\t\t\t\tstartSlide: 0,\r\n\t\tloop: true,\r\n\t\tslideDistance: 5,\r\n\t\tautoplayDirection: 'normal',\r\n\t\ttouchSwipe: true,\r\n\t\tfullScreen: true,\r\n\t});\r\n});\r\n<\/script>\r\n\r\n\t\t<div id=\"slider-pro-3-8804\" class=\"slider-pro\">\r\n\t\t\t<!---- slides div start ---->\r\n\t\t\t<div class=\"sp-slides\">\r\n\t\t\t\t\t\t\t\t\t\t<div class=\"sp-slide\">\r\n\t\t\t\t\t\t\t<img decoding=\"async\" class=\"sp-image\" loading=\"lazy\" alt=\"handsome african american chef standing with open arms at restaurant kitchen\" src=\"http:\/\/atelier-des-cuisiniers.com\/wp-content\/plugins\/ultimate-responsive-image-slider\/assets\/css\/images\/blank.gif\" data-src=\"http:\/\/atelier-des-cuisiniers.com\/wp-content\/uploads\/2022\/08\/sl5-scaled.jpg\" \/>\r\n\r\n\t\t\t\t\t\t\t\r\n\t\t\t\t\t\t\t\t\t\t\t\t\t<\/div>\r\n\t\t\t\t\t\t\t\t\t<\/div>\r\n\t\t\t\r\n\t\t\t<!---- slides div end ---->\r\n\t\t\t\t\t\t<!-- slides thumbnails div end -->\r\n\t\t<\/div>\r\n\t\t<style>\r\n\/* Layout 3 *\/\r\n\/* border *\/\r\n#slider-pro-3-8804 .sp-selected-thumbnail {\r\n\tborder: 4px solid #000000;\r\n}\r\n\r\n\/* font + color *\/\r\n.title-in  {\r\n\tfont-family: Arial !important;\r\n\tcolor: #FFFFFF !important;\r\n\tbackground-color: #000000 !important;\r\n\topacity: 0.7 !important;\r\n}\r\n.desc-in  {\r\n\tfont-family: Arial !important;\r\n\tcolor: #FFFFFF !important;\r\n\tbackground-color: #00000 !important;\r\n\topacity: 0.7 !important;\r\n}\r\n\r\n\/* bullets color *\/\r\n.sp-button  {\r\n\tborder: 2px solid #000000 !important;\r\n}\r\n.sp-selected-button  {\r\n\tbackground-color: #000000 !important;\r\n}\r\n\r\n\/* pointer color - bottom *\/\r\n.sp-selected-thumbnail::before {\r\n\tborder-bottom: 5px solid #000000 !important;\r\n}\r\n.sp-selected-thumbnail::after {\r\n\tborder-bottom: 13px solid #000000 !important;\r\n}\r\n\r\n\/* pointer color - top *\/\r\n\r\n\/* full screen icon *\/\r\n.sp-full-screen-button::before {\r\n    color: #FFFFFF !important;\r\n}\r\n\r\n\/* hover navigation icon color *\/\r\n.sp-next-arrow::after, .sp-next-arrow::before {\r\n\tbackground-color: #FFFFFF !important;\r\n}\r\n.sp-previous-arrow::after, .sp-previous-arrow::before {\r\n\tbackground-color: #FFFFFF !important;\r\n}\r\n\r\n#slider-pro-3-8804 .title-in {\r\n\tcolor: #FFFFFF !important;\r\n\tfont-weight: bolder;\r\n\ttext-align: center;\r\n}\r\n\r\n#slider-pro-3-8804 .title-in-bg {\r\n\tbackground: rgba(255, 255, 255, 0.7); !important;\r\n\twhite-space: unset !important;\r\n\ttransform: initial !important;\r\n\t-webkit-transform: initial !important;\r\n\tfont-size: 14px !important;\r\n}\r\n\r\n#slider-pro-3-8804 .desc-in {\r\n\tcolor: #FFFFFF !important;\r\n\ttext-align: center;\r\n}\r\n#slider-pro-3-8804 .desc-in-bg {\r\n\tbackground: rgba(#00000, 0.7) !important;\r\n\twhite-space: unset !important;\r\n\ttransform: initial !important;\r\n\t-webkit-transform: initial !important;\r\n\tfont-size: 13px !important;\r\n}\r\n\r\n@media (max-width: 640px) {\r\n\t#slider-pro-3-8804 .hide-small-screen {\r\n\t\tdisplay: none;\r\n\t}\r\n}\r\n\r\n@media (max-width: 860px) {\r\n\t#slider-pro-3-8804 .sp-layer {\r\n\t\tfont-size: 18px;\r\n\t}\r\n\t\r\n\t#slider-pro-3-8804 .hide-medium-screen {\r\n\t\tdisplay: none;\r\n\t}\r\n}\r\n.slides-not-found {\r\n\tbackground-color: #a92929;\r\n\tborder-radius: 5px;\r\n\tcolor: #fff;\r\n\tfont-family: initial;\r\n\ttext-align: center;\r\n\tpadding:12px;\r\n}\r\n\/* Custom CSS *\/\r\n<\/style>\r\n\n<\/div><\/div><\/div><\/div><\/div><\/div><\/section><section class=\"l-section wpb_row height_auto\"><div class=\"l-section-h i-cf\"><div class=\"g-cols vc_row via_grid cols_1 laptops-cols_inherit tablets-cols_inherit mobiles-cols_1 valign_top type_default\"><div class=\"wpb_column vc_column_container\"><div class=\"vc_column-inner\"><div class=\"wpb_text_column us_custom_7e20fa79 us_animate_this\"><div class=\"wpb_wrapper\"><h3 style=\"color: #fe822c;\">Formation Professionnelle \u201cPro Level 2\u201d<\/h3>\n<\/div><\/div><div class=\"wpb_text_column\"><div class=\"wpb_wrapper\"><p><strong style=\"color: #000144;\">Dur\u00e9e: 6 Mois<\/strong><\/p>\n<\/div><\/div><div class=\"w-separator size_custom\" style=\"height:20px\"><\/div><\/div><\/div><\/div><\/div><\/section><section class=\"l-section wpb_row height_auto\"><div class=\"l-section-h i-cf\"><div class=\"g-cols vc_row via_grid cols_1 laptops-cols_inherit tablets-cols_inherit mobiles-cols_1 valign_top type_default\"><div class=\"wpb_column vc_column_container\"><div class=\"vc_column-inner\"><div class=\"wpb_text_column us_custom_4837cec5 us_animate_this\"><div class=\"wpb_wrapper\"><p>Ce programme est d\u00e9di\u00e9 aux personnes passionn\u00e9es de l\u2019art culinaire qui d\u00e9sirent booster leur carri\u00e8re dans ce domaine. Nous mettons \u00e0 votre disposition une formation qualifiante, tr\u00e8s pratique et suivie d\u2019un emploi \u00e0 haut niveau. L\u2019AIC est le centre de formation id\u00e9al pour sculpter votre art et vous la faire vivre. Alors ne perdez plus une seconde, prenez la d\u00e9cision de vous faire former par l\u2019unique centre du genre en C\u00f4te d\u2019Ivoire.<\/p>\n<p>Plus de 16 modules et plus de 70 s\u00e9ances de cours n\u2019attendent que vous. Cette formation est laborieusement r\u00e9fl\u00e9chie et \u00e9labor\u00e9e pour catapulter \u00e0 un niveau professionnel bien sup\u00e9rieur.<\/p>\n<p>Apr\u00e8s avoir valid\u00e9 les diff\u00e9rents modules vous obtiendrez un Certificat AIC qui fera preuve de vos comp\u00e9tences avanc\u00e9es en Cuisine ou en P\u00e2tisserie et vous dotera du titre Cuisinier ou P\u00e2tissier Certifi\u00e9 \u00ab\u00a0Pro Level 2\u00a0\u00bb<\/p>\n<p>Le programme est\u00a0dispens\u00e9 en continue et se d\u00e9roule dans notre centre de formation.<\/p>\n<\/div><\/div><\/div><\/div><\/div><\/div><\/section><section class=\"l-section wpb_row height_auto\"><div class=\"l-section-h i-cf\"><div class=\"g-cols vc_row via_grid cols_2 laptops-cols_inherit tablets-cols_inherit mobiles-cols_1 valign_top type_default\"><div class=\"wpb_column vc_column_container\"><div class=\"vc_column-inner\"><div class=\"w-separator size_medium\"><\/div><div class=\"w-image us_custom_82a4b937 us_animate_this style_outlined align_none\"><div class=\"w-image-h\"><img loading=\"lazy\" decoding=\"async\" width=\"1049\" height=\"666\" src=\"http:\/\/atelier-des-cuisiniers.com\/wp-content\/uploads\/2022\/07\/p2v3.jpg\" class=\"attachment-full size-full\" alt=\"\" srcset=\"http:\/\/atelier-des-cuisiniers.com\/wp-content\/uploads\/2022\/07\/p2v3.jpg 1049w, http:\/\/atelier-des-cuisiniers.com\/wp-content\/uploads\/2022\/07\/p2v3-300x190.jpg 300w, http:\/\/atelier-des-cuisiniers.com\/wp-content\/uploads\/2022\/07\/p2v3-1024x650.jpg 1024w, http:\/\/atelier-des-cuisiniers.com\/wp-content\/uploads\/2022\/07\/p2v3-18x12.jpg 18w, http:\/\/atelier-des-cuisiniers.com\/wp-content\/uploads\/2022\/07\/p2v3-600x381.jpg 600w\" sizes=\"auto, (max-width: 1049px) 100vw, 1049px\" \/><\/div><\/div><div class=\"wpb_text_column us_custom_7e20fa79 us_animate_this\"><div class=\"wpb_wrapper\"><h5 style=\"color: #000144;\"><strong>Formation Professionnelle \u00ab Pro Level 2 \u00bb en Cuisine <\/strong><strong>EN CUISINE<\/strong><\/h5>\n<\/div><\/div><div class=\"w-separator size_custom\" style=\"height:5px\"><\/div><div class=\"wpb_text_column us_custom_a7f5a5fb us_animate_this\"><div class=\"wpb_wrapper\"><p>A l\u2019AIC, les cours de cuisine sont bas\u00e9s sur la pratique et vous permettent d\u2019avoir les comp\u00e9tences pour \u00eatre un employ\u00e9 ou un self-employer confiant et outill\u00e9 au terme de la formation. Cette formation est \u00e9labor\u00e9e de sorte \u00e0 vous armer de techniques et connaissances avanc\u00e9es pour booster votre carri\u00e8re. Nos cours von au-del\u00e0 des cours des classiques de la\u00a0cuisine et vous apprennent de d\u00e9licieux mets allant des hors d\u2019\u0153uvres aux desserts.<\/p>\n<\/div><\/div><div class=\"w-separator size_custom\" style=\"height:20px\"><\/div><\/div><\/div><div class=\"wpb_column vc_column_container\"><div class=\"vc_column-inner\"><div class=\"w-separator us_custom_46845caf us_animate_this size_medium\"><\/div><div class=\"w-image us_custom_d39aace3 us_animate_this style_outlined align_left\"><div class=\"w-image-h\"><img loading=\"lazy\" decoding=\"async\" width=\"1960\" height=\"1323\" src=\"http:\/\/atelier-des-cuisiniers.com\/wp-content\/uploads\/2022\/07\/pat5.jpg\" class=\"attachment-us_2000_2000 size-us_2000_2000\" alt=\"\" srcset=\"http:\/\/atelier-des-cuisiniers.com\/wp-content\/uploads\/2022\/07\/pat5.jpg 1960w, http:\/\/atelier-des-cuisiniers.com\/wp-content\/uploads\/2022\/07\/pat5-300x203.jpg 300w, http:\/\/atelier-des-cuisiniers.com\/wp-content\/uploads\/2022\/07\/pat5-1024x691.jpg 1024w, http:\/\/atelier-des-cuisiniers.com\/wp-content\/uploads\/2022\/07\/pat5-18x12.jpg 18w, http:\/\/atelier-des-cuisiniers.com\/wp-content\/uploads\/2022\/07\/pat5-593x400.jpg 593w\" sizes=\"auto, (max-width: 1960px) 100vw, 1960px\" \/><\/div><\/div><div class=\"wpb_text_column us_custom_47474b22 us_animate_this\"><div class=\"wpb_wrapper\"><h5 style=\"color: #000144;\">Formation Professionnelle \u00ab Pro Level 2 \u00bb en P\u00e2tisserie et Boulangerie<\/h5>\n<\/div><\/div><div class=\"w-separator size_custom\" style=\"height:12px\"><\/div><div class=\"wpb_text_column us_custom_a7f5a5fb us_animate_this\"><div class=\"wpb_wrapper\"><p>La connaissance\u00a0des recettes de viennoiserie et d\u2019entremets ; des techniques de la p\u00e2tisserie et des gestes professionnels\u00a0appliqu\u00e9s ; le cake design ; la gestion des stocks et le respect des r\u00e8gles de l\u2019hygi\u00e8ne sont entre autres les comp\u00e9tences que vous acquerrez au terme de cette formation afin de devenir un p\u00e2tissier accompli.<\/p>\n<\/div><\/div><div class=\"w-separator size_custom\" style=\"height:20px\"><\/div><\/div><\/div><\/div><\/div><\/section><section class=\"l-section wpb_row height_auto\"><div class=\"l-section-h i-cf\"><div class=\"g-cols vc_row via_grid cols_1 laptops-cols_inherit tablets-cols_inherit mobiles-cols_1 valign_top type_default\"><div class=\"wpb_column vc_column_container\"><div class=\"vc_column-inner\"><div class=\"w-separator size_custom\" style=\"height:20px\"><\/div><\/div><\/div><\/div><\/div><\/section><section class=\"l-section wpb_row height_custom\"><div class=\"l-section-h i-cf\"><div class=\"g-cols vc_row via_grid cols_2 laptops-cols_inherit tablets-cols_inherit mobiles-cols_1 valign_top type_default\"><div class=\"wpb_column vc_column_container\"><div class=\"vc_column-inner\"><div class=\"w-image us_custom_8f2ba1f4 us_animate_this style_circle align_none\"><div class=\"w-image-h\"><img loading=\"lazy\" decoding=\"async\" width=\"600\" height=\"400\" src=\"http:\/\/atelier-des-cuisiniers.com\/wp-content\/uploads\/2022\/07\/form1-1.webp\" class=\"attachment-large size-large\" alt=\"\" srcset=\"http:\/\/atelier-des-cuisiniers.com\/wp-content\/uploads\/2022\/07\/form1-1.webp 600w, http:\/\/atelier-des-cuisiniers.com\/wp-content\/uploads\/2022\/07\/form1-1-300x200.webp 300w, http:\/\/atelier-des-cuisiniers.com\/wp-content\/uploads\/2022\/07\/form1-1-18x12.webp 18w\" sizes=\"auto, (max-width: 600px) 100vw, 600px\" \/><\/div><\/div><\/div><\/div><div class=\"wpb_column vc_column_container\"><div class=\"vc_column-inner\"><div class=\"w-image us_custom_8f2ba1f4 us_animate_this style_circle align_none\"><div class=\"w-image-h\"><img loading=\"lazy\" decoding=\"async\" width=\"1024\" height=\"672\" src=\"http:\/\/atelier-des-cuisiniers.com\/wp-content\/uploads\/2022\/08\/fin-1024x672.jpg\" class=\"attachment-large size-large\" alt=\"\" srcset=\"http:\/\/atelier-des-cuisiniers.com\/wp-content\/uploads\/2022\/08\/fin-1024x672.jpg 1024w, http:\/\/atelier-des-cuisiniers.com\/wp-content\/uploads\/2022\/08\/fin-300x197.jpg 300w, http:\/\/atelier-des-cuisiniers.com\/wp-content\/uploads\/2022\/08\/fin-18x12.jpg 18w, http:\/\/atelier-des-cuisiniers.com\/wp-content\/uploads\/2022\/08\/fin.jpg 1959w, http:\/\/atelier-des-cuisiniers.com\/wp-content\/uploads\/2022\/08\/fin-600x394.jpg 600w\" sizes=\"auto, (max-width: 1024px) 100vw, 1024px\" \/><\/div><\/div><\/div><\/div><\/div><\/div><\/section><section class=\"l-section wpb_row height_auto\"><div class=\"l-section-h i-cf\"><div class=\"g-cols vc_row via_grid cols_1 laptops-cols_inherit tablets-cols_inherit mobiles-cols_1 valign_top type_default\"><div class=\"wpb_column vc_column_container\"><div class=\"vc_column-inner\"><div class=\"w-separator size_custom\" style=\"height:20px\"><\/div><\/div><\/div><\/div><\/div><\/section>","protected":false},"excerpt":{"rendered":"","protected":false},"author":3,"featured_media":0,"parent":0,"menu_order":0,"comment_status":"closed","ping_status":"closed","template":"","meta":{"_joinchat":[],"footnotes":""},"class_list":["post-9022","page","type-page","status-publish","hentry"],"_links":{"self":[{"href":"http:\/\/atelier-des-cuisiniers.com\/fr\/wp-json\/wp\/v2\/pages\/9022","targetHints":{"allow":["GET"]}}],"collection":[{"href":"http:\/\/atelier-des-cuisiniers.com\/fr\/wp-json\/wp\/v2\/pages"}],"about":[{"href":"http:\/\/atelier-des-cuisiniers.com\/fr\/wp-json\/wp\/v2\/types\/page"}],"author":[{"embeddable":true,"href":"http:\/\/atelier-des-cuisiniers.com\/fr\/wp-json\/wp\/v2\/users\/3"}],"replies":[{"embeddable":true,"href":"http:\/\/atelier-des-cuisiniers.com\/fr\/wp-json\/wp\/v2\/comments?post=9022"}],"version-history":[{"count":83,"href":"http:\/\/atelier-des-cuisiniers.com\/fr\/wp-json\/wp\/v2\/pages\/9022\/revisions"}],"predecessor-version":[{"id":9412,"href":"http:\/\/atelier-des-cuisiniers.com\/fr\/wp-json\/wp\/v2\/pages\/9022\/revisions\/9412"}],"wp:attachment":[{"href":"http:\/\/atelier-des-cuisiniers.com\/fr\/wp-json\/wp\/v2\/media?parent=9022"}],"curies":[{"name":"wp","href":"https:\/\/api.w.org\/{rel}","templated":true}]}}