{"id":9771,"date":"2023-03-03T09:27:54","date_gmt":"2023-03-03T09:27:54","guid":{"rendered":"http:\/\/atelier-des-cuisiniers.com\/?page_id=9771"},"modified":"2023-11-08T10:33:57","modified_gmt":"2023-11-08T10:33:57","slug":"recrutement-bours-aic","status":"publish","type":"page","link":"http:\/\/atelier-des-cuisiniers.com\/fr\/recrutement-bours-aic\/","title":{"rendered":"Recrutement Bourse AIC"},"content":{"rendered":"<section class=\"l-section wpb_row height_auto\"><div class=\"l-section-h i-cf\"><div class=\"g-cols vc_row via_grid cols_1 laptops-cols_inherit tablets-cols_inherit mobiles-cols_1 valign_top type_default\"><div class=\"wpb_column vc_column_container\"><div class=\"vc_column-inner\"><div class=\"wpb_text_column\"><div class=\"wpb_wrapper\"><script type=\"text\/javascript\">\r\ndocument.addEventListener(\"DOMContentLoaded\", function(event) { \r\n\tjQuery( '#slider-pro-3-9784' ).sliderPro({\r\n\t\t\/\/width\r\n\t\t\t\tforceSize: 'fullWidth',\r\n\t\t\t\t\r\n\t\t\/\/height\r\n\t\t\t\theight: 250,\r\n\t\t\t\t\r\n\t\t\/\/auto play\r\n\t\t\t\tautoplay:  true,\r\n\t\tautoplayOnHover: 'none',\r\n\t\t\t\t\t\t\t\tautoplayDelay: 5000,\r\n\t\t\r\n\t\t\r\n\t\tarrows: true,\r\n\t\tbuttons: true,\r\n\t\tsmallSize: 500,\r\n\t\tmediumSize: 1000,\r\n\t\tlargeSize: 3000,\r\n\t\tfade: true,\r\n\t\t\r\n\t\t\/\/thumbnail\r\n\t\tthumbnailArrows: true,\r\n\t\tthumbnailWidth: 120,\r\n\t\tthumbnailHeight: 120,\r\n\t\t\t\tthumbnailsPosition: 'top',\r\n\t\t\t\t\t\t\t\tthumbnailPointer: true, \r\n\t\t\t\tcenterImage: true,\r\n\t\timageScaleMode: 'cover',\r\n\t\tallowScaleUp: true,\r\n\t\t\t\tstartSlide: 0,\r\n\t\tloop: true,\r\n\t\tslideDistance: 5,\r\n\t\tautoplayDirection: 'normal',\r\n\t\ttouchSwipe: true,\r\n\t\tfullScreen: true,\r\n\t});\r\n});\r\n<\/script>\r\n\r\n\t\t<div id=\"slider-pro-3-9784\" class=\"slider-pro\">\r\n\t\t\t<!---- slides div start ---->\r\n\t\t\t<div class=\"sp-slides\">\r\n\t\t\t\t\t\t\t\t\t\t<div class=\"sp-slide\">\r\n\t\t\t\t\t\t\t<img decoding=\"async\" class=\"sp-image\" loading=\"lazy\" alt=\"1-slide-pour-le-site\" src=\"http:\/\/atelier-des-cuisiniers.com\/wp-content\/plugins\/ultimate-responsive-image-slider\/assets\/css\/images\/blank.gif\" data-src=\"http:\/\/atelier-des-cuisiniers.com\/wp-content\/uploads\/1-slide-pour-le-site.jpg\" \/>\r\n\r\n\t\t\t\t\t\t\t\r\n\t\t\t\t\t\t\t\t\t\t\t\t\t<\/div>\r\n\t\t\t\t\t\t\t\t\t\t\t\t<div class=\"sp-slide\">\r\n\t\t\t\t\t\t\t<img decoding=\"async\" class=\"sp-image\" loading=\"lazy\" alt=\"f1\" src=\"http:\/\/atelier-des-cuisiniers.com\/wp-content\/plugins\/ultimate-responsive-image-slider\/assets\/css\/images\/blank.gif\" data-src=\"http:\/\/atelier-des-cuisiniers.com\/wp-content\/uploads\/f1.jpg\" \/>\r\n\r\n\t\t\t\t\t\t\t\r\n\t\t\t\t\t\t\t\t\t\t\t\t\t<\/div>\r\n\t\t\t\t\t\t\t\t\t\t\t\t<div class=\"sp-slide\">\r\n\t\t\t\t\t\t\t<img decoding=\"async\" class=\"sp-image\" loading=\"lazy\" alt=\"3\" src=\"http:\/\/atelier-des-cuisiniers.com\/wp-content\/plugins\/ultimate-responsive-image-slider\/assets\/css\/images\/blank.gif\" data-src=\"http:\/\/atelier-des-cuisiniers.com\/wp-content\/uploads\/3.jpg\" \/>\r\n\r\n\t\t\t\t\t\t\t\r\n\t\t\t\t\t\t\t\t\t\t\t\t\t<\/div>\r\n\t\t\t\t\t\t\t\t\t\t\t\t<div class=\"sp-slide\">\r\n\t\t\t\t\t\t\t<img decoding=\"async\" class=\"sp-image\" loading=\"lazy\" alt=\"f2\" src=\"http:\/\/atelier-des-cuisiniers.com\/wp-content\/plugins\/ultimate-responsive-image-slider\/assets\/css\/images\/blank.gif\" data-src=\"http:\/\/atelier-des-cuisiniers.com\/wp-content\/uploads\/f2.jpg\" \/>\r\n\r\n\t\t\t\t\t\t\t\r\n\t\t\t\t\t\t\t\t\t\t\t\t\t<\/div>\r\n\t\t\t\t\t\t\t\t\t<\/div>\r\n\t\t\t\r\n\t\t\t<!---- slides div end ---->\r\n\t\t\t\t\t\t<!-- slides thumbnails div end -->\r\n\t\t<\/div>\r\n\t\t<style>\r\n\/* Layout 3 *\/\r\n\/* border *\/\r\n\r\n\/* font + color *\/\r\n.title-in  {\r\n\tfont-family: Arial !important;\r\n\tcolor: #FFFFFF !important;\r\n\tbackground-color: #000000 !important;\r\n\topacity: 0.7 !important;\r\n}\r\n.desc-in  {\r\n\tfont-family: Arial !important;\r\n\tcolor: #FFFFFF !important;\r\n\tbackground-color: #00000 !important;\r\n\topacity: 0.7 !important;\r\n}\r\n\r\n\/* bullets color *\/\r\n.sp-button  {\r\n\tborder: 2px solid #000000 !important;\r\n}\r\n.sp-selected-button  {\r\n\tbackground-color: #000000 !important;\r\n}\r\n\r\n\/* pointer color - bottom *\/\r\n\r\n\/* pointer color - top *\/\r\n\r\n.sp-top-thumbnails.sp-has-pointer .sp-selected-thumbnail::before {\r\n    border-bottom: 5px solid #000000;\r\n}\r\n.sp-top-thumbnails.sp-has-pointer .sp-selected-thumbnail::after {\r\n    border-top: 13px solid #000000 !important;\r\n}\r\n\r\n\/* full screen icon *\/\r\n.sp-full-screen-button::before {\r\n    color: #FFFFFF !important;\r\n}\r\n\r\n\/* hover navigation icon color *\/\r\n.sp-next-arrow::after, .sp-next-arrow::before {\r\n\tbackground-color: #FFFFFF !important;\r\n}\r\n.sp-previous-arrow::after, .sp-previous-arrow::before {\r\n\tbackground-color: #FFFFFF !important;\r\n}\r\n\r\n#slider-pro-3-9784 .title-in {\r\n\tcolor: #FFFFFF !important;\r\n\tfont-weight: bolder;\r\n\ttext-align: center;\r\n}\r\n\r\n#slider-pro-3-9784 .title-in-bg {\r\n\tbackground: rgba(255, 255, 255, 0.7); !important;\r\n\twhite-space: unset !important;\r\n\ttransform: initial !important;\r\n\t-webkit-transform: initial !important;\r\n\tfont-size: 14px !important;\r\n}\r\n\r\n#slider-pro-3-9784 .desc-in {\r\n\tcolor: #FFFFFF !important;\r\n\ttext-align: center;\r\n}\r\n#slider-pro-3-9784 .desc-in-bg {\r\n\tbackground: rgba(#00000, 0.7) !important;\r\n\twhite-space: unset !important;\r\n\ttransform: initial !important;\r\n\t-webkit-transform: initial !important;\r\n\tfont-size: 13px !important;\r\n}\r\n\r\n@media (max-width: 640px) {\r\n\t#slider-pro-3-9784 .hide-small-screen {\r\n\t\tdisplay: none;\r\n\t}\r\n}\r\n\r\n@media (max-width: 860px) {\r\n\t#slider-pro-3-9784 .sp-layer {\r\n\t\tfont-size: 18px;\r\n\t}\r\n\t\r\n\t#slider-pro-3-9784 .hide-medium-screen {\r\n\t\tdisplay: none;\r\n\t}\r\n}\r\n.slides-not-found {\r\n\tbackground-color: #a92929;\r\n\tborder-radius: 5px;\r\n\tcolor: #fff;\r\n\tfont-family: initial;\r\n\ttext-align: center;\r\n\tpadding:12px;\r\n}\r\n\/* Custom CSS *\/\r\n<\/style>\r\n\n<\/div><\/div><\/div><\/div><\/div><\/div><\/section><section class=\"l-section wpb_row height_auto\"><div class=\"l-section-h i-cf\"><div class=\"g-cols vc_row via_grid cols_1 laptops-cols_inherit tablets-cols_inherit mobiles-cols_1 valign_top type_default\"><div class=\"wpb_column vc_column_container\"><div class=\"vc_column-inner\"><div class=\"wpb_text_column\"><div class=\"wpb_wrapper\"><hr \/>\n<hr \/>\n<\/div><\/div><div class=\"wpb_text_column\"><div class=\"wpb_wrapper\"><h5>Postulez Maintenant<\/h5>\n<\/div><\/div><div class=\"wpb_text_column\"><div class=\"wpb_wrapper\"><hr \/>\n<hr \/>\n<hr \/>\n<\/div><\/div><\/div><\/div><\/div><\/div><\/section><section class=\"l-section wpb_row height_custom\"><div class=\"l-section-h i-cf\"><div class=\"g-cols vc_row via_grid cols_1 laptops-cols_inherit tablets-cols_inherit mobiles-cols_1 valign_top type_default\"><div class=\"wpb_column vc_column_container\"><div class=\"vc_column-inner\"><div class=\"wpb_text_column\"><div class=\"wpb_wrapper\"><h3 style=\"color: #fe822c; text-align: center;\">D\u00e9sol\u00e9, les Inscriptions pour la bourse AIC ont pris fin<\/h3>\n<\/div><\/div><\/div><\/div><\/div><\/div><\/section><section class=\"l-section wpb_row height_auto\"><div class=\"l-section-h i-cf\"><div class=\"g-cols vc_row via_grid cols_1 laptops-cols_inherit tablets-cols_inherit mobiles-cols_1 valign_top type_default\"><div class=\"wpb_column vc_column_container\"><div class=\"vc_column-inner\"><div class=\"wpb_text_column\"><div class=\"wpb_wrapper\"><h3 style=\"text-align: center;\">Quelques Personnes ayant b\u00e9n\u00e9fici\u00e9 de la Bourse AIC<\/h3>\n<\/div><\/div><\/div><\/div><\/div><\/div><\/section><section class=\"l-section wpb_row height_custom\"><div class=\"l-section-h i-cf\"><div class=\"g-cols vc_row via_grid cols_4 laptops-cols_inherit tablets-cols_inherit mobiles-cols_1 valign_top type_default\"><div class=\"wpb_column vc_column_container\"><div class=\"vc_column-inner\"><div class=\"w-image us_custom_8f2ba1f4 us_animate_this style_circle align_none\"><div class=\"w-image-h\"><img loading=\"lazy\" decoding=\"async\" width=\"720\" height=\"722\" src=\"http:\/\/atelier-des-cuisiniers.com\/wp-content\/uploads\/2023\/02\/tanoh.jpg\" class=\"attachment-large size-large\" alt=\"\" srcset=\"http:\/\/atelier-des-cuisiniers.com\/wp-content\/uploads\/2023\/02\/tanoh.jpg 720w, http:\/\/atelier-des-cuisiniers.com\/wp-content\/uploads\/2023\/02\/tanoh-300x300.jpg 300w, http:\/\/atelier-des-cuisiniers.com\/wp-content\/uploads\/2023\/02\/tanoh-150x150.jpg 150w, http:\/\/atelier-des-cuisiniers.com\/wp-content\/uploads\/2023\/02\/tanoh-12x12.jpg 12w, http:\/\/atelier-des-cuisiniers.com\/wp-content\/uploads\/2023\/02\/tanoh-399x400.jpg 399w\" sizes=\"auto, (max-width: 720px) 100vw, 720px\" \/><\/div><\/div><div class=\"wpb_text_column\"><div class=\"wpb_wrapper\"><pre style=\"text-align: center;\"><span style=\"color: #fe822c;\">ELLOGNE TANOH ANNE JENNIFER<\/span>\r\nA b\u00e9n\u00e9fici\u00e9 de la bourse AIC, 1ere session.<\/pre>\n<\/div><\/div><div class=\"w-image us_custom_8f2ba1f4 us_animate_this style_circle align_none\"><div class=\"w-image-h\"><img loading=\"lazy\" decoding=\"async\" width=\"720\" height=\"722\" src=\"http:\/\/atelier-des-cuisiniers.com\/wp-content\/uploads\/2023\/02\/5-5.jpg\" class=\"attachment-large size-large\" alt=\"\" srcset=\"http:\/\/atelier-des-cuisiniers.com\/wp-content\/uploads\/2023\/02\/5-5.jpg 720w, http:\/\/atelier-des-cuisiniers.com\/wp-content\/uploads\/2023\/02\/5-5-300x300.jpg 300w, http:\/\/atelier-des-cuisiniers.com\/wp-content\/uploads\/2023\/02\/5-5-150x150.jpg 150w, http:\/\/atelier-des-cuisiniers.com\/wp-content\/uploads\/2023\/02\/5-5-12x12.jpg 12w, http:\/\/atelier-des-cuisiniers.com\/wp-content\/uploads\/2023\/02\/5-5-399x400.jpg 399w\" sizes=\"auto, (max-width: 720px) 100vw, 720px\" \/><\/div><\/div><div class=\"wpb_text_column\"><div class=\"wpb_wrapper\"><pre style=\"text-align: center;\"><span style=\"color: #fe822c;\">RISSA AMINATOU OROFUMIKE<\/span>\r\nA b\u00e9n\u00e9fici\u00e9 de la bourse AIC, 1ere session.<\/pre>\n<\/div><\/div><div class=\"w-image us_custom_8f2ba1f4 us_animate_this style_circle align_none\"><div class=\"w-image-h\"><img loading=\"lazy\" decoding=\"async\" width=\"720\" height=\"722\" src=\"http:\/\/atelier-des-cuisiniers.com\/wp-content\/uploads\/2023\/02\/9-9.jpg\" class=\"attachment-large size-large\" alt=\"\" srcset=\"http:\/\/atelier-des-cuisiniers.com\/wp-content\/uploads\/2023\/02\/9-9.jpg 720w, http:\/\/atelier-des-cuisiniers.com\/wp-content\/uploads\/2023\/02\/9-9-300x300.jpg 300w, http:\/\/atelier-des-cuisiniers.com\/wp-content\/uploads\/2023\/02\/9-9-150x150.jpg 150w, http:\/\/atelier-des-cuisiniers.com\/wp-content\/uploads\/2023\/02\/9-9-12x12.jpg 12w, http:\/\/atelier-des-cuisiniers.com\/wp-content\/uploads\/2023\/02\/9-9-399x400.jpg 399w\" sizes=\"auto, (max-width: 720px) 100vw, 720px\" \/><\/div><\/div><div class=\"wpb_text_column\"><div class=\"wpb_wrapper\"><pre style=\"text-align: center;\"><span style=\"color: #fe822c;\">MONEY MARIE EMANUELLE API<\/span>\r\nA b\u00e9n\u00e9fici\u00e9 de la bourse AIC, 1ere session.<\/pre>\n<\/div><\/div><\/div><\/div><div class=\"wpb_column vc_column_container\"><div class=\"vc_column-inner\"><div class=\"w-image us_custom_8f2ba1f4 us_animate_this style_circle align_none\"><div class=\"w-image-h\"><img loading=\"lazy\" decoding=\"async\" width=\"720\" height=\"722\" src=\"http:\/\/atelier-des-cuisiniers.com\/wp-content\/uploads\/Yeo-mariama-golofougognon.jpg\" class=\"attachment-large size-large\" alt=\"\" srcset=\"http:\/\/atelier-des-cuisiniers.com\/wp-content\/uploads\/Yeo-mariama-golofougognon.jpg 720w, http:\/\/atelier-des-cuisiniers.com\/wp-content\/uploads\/Yeo-mariama-golofougognon-300x300.jpg 300w, http:\/\/atelier-des-cuisiniers.com\/wp-content\/uploads\/Yeo-mariama-golofougognon-150x150.jpg 150w, http:\/\/atelier-des-cuisiniers.com\/wp-content\/uploads\/Yeo-mariama-golofougognon-12x12.jpg 12w, http:\/\/atelier-des-cuisiniers.com\/wp-content\/uploads\/Yeo-mariama-golofougognon-399x400.jpg 399w\" sizes=\"auto, (max-width: 720px) 100vw, 720px\" \/><\/div><\/div><div class=\"wpb_text_column\"><div class=\"wpb_wrapper\"><pre style=\"text-align: center;\"><span style=\"color: #fe822c;\">Yeo mariama golofougognon<\/span>\r\nA b\u00e9n\u00e9fici\u00e9 de la bourse AIC, 1ere session.<\/pre>\n<\/div><\/div><div class=\"w-image us_custom_8f2ba1f4 us_animate_this style_circle align_none\"><div class=\"w-image-h\"><img loading=\"lazy\" decoding=\"async\" width=\"720\" height=\"722\" src=\"http:\/\/atelier-des-cuisiniers.com\/wp-content\/uploads\/2023\/02\/7-7.jpg\" class=\"attachment-large size-large\" alt=\"\" srcset=\"http:\/\/atelier-des-cuisiniers.com\/wp-content\/uploads\/2023\/02\/7-7.jpg 720w, http:\/\/atelier-des-cuisiniers.com\/wp-content\/uploads\/2023\/02\/7-7-300x300.jpg 300w, http:\/\/atelier-des-cuisiniers.com\/wp-content\/uploads\/2023\/02\/7-7-150x150.jpg 150w, http:\/\/atelier-des-cuisiniers.com\/wp-content\/uploads\/2023\/02\/7-7-12x12.jpg 12w, http:\/\/atelier-des-cuisiniers.com\/wp-content\/uploads\/2023\/02\/7-7-399x400.jpg 399w\" sizes=\"auto, (max-width: 720px) 100vw, 720px\" \/><\/div><\/div><div class=\"wpb_text_column\"><div class=\"wpb_wrapper\"><pre style=\"text-align: center;\"><span style=\"color: #fe822c;\">BADO ALICE<\/span>\r\nA b\u00e9n\u00e9fici\u00e9 de la bourse AIC, 1ere session.<\/pre>\n<\/div><\/div><div class=\"w-image us_custom_8f2ba1f4 us_animate_this style_circle align_none\"><div class=\"w-image-h\"><img loading=\"lazy\" decoding=\"async\" width=\"720\" height=\"722\" src=\"http:\/\/atelier-des-cuisiniers.com\/wp-content\/uploads\/2023\/02\/thoma-1.jpg\" class=\"attachment-large size-large\" alt=\"\" srcset=\"http:\/\/atelier-des-cuisiniers.com\/wp-content\/uploads\/2023\/02\/thoma-1.jpg 720w, http:\/\/atelier-des-cuisiniers.com\/wp-content\/uploads\/2023\/02\/thoma-1-300x300.jpg 300w, http:\/\/atelier-des-cuisiniers.com\/wp-content\/uploads\/2023\/02\/thoma-1-150x150.jpg 150w, http:\/\/atelier-des-cuisiniers.com\/wp-content\/uploads\/2023\/02\/thoma-1-12x12.jpg 12w, http:\/\/atelier-des-cuisiniers.com\/wp-content\/uploads\/2023\/02\/thoma-1-399x400.jpg 399w\" sizes=\"auto, (max-width: 720px) 100vw, 720px\" \/><\/div><\/div><div class=\"wpb_text_column\"><div class=\"wpb_wrapper\"><pre style=\"text-align: center;\"><span style=\"color: #fe822c;\">JOHNSON THOMA<\/span>\r\nA b\u00e9n\u00e9fici\u00e9 de la bourse AIC, 1ere session.<\/pre>\n<\/div><\/div><\/div><\/div><div class=\"wpb_column vc_column_container\"><div class=\"vc_column-inner\"><div class=\"w-image us_custom_8f2ba1f4 us_animate_this style_circle align_none\"><div class=\"w-image-h\"><img loading=\"lazy\" decoding=\"async\" width=\"720\" height=\"722\" src=\"http:\/\/atelier-des-cuisiniers.com\/wp-content\/uploads\/2023\/02\/1-ZabiElvireMelissa1.jpg\" class=\"attachment-large size-large\" alt=\"\" srcset=\"http:\/\/atelier-des-cuisiniers.com\/wp-content\/uploads\/2023\/02\/1-ZabiElvireMelissa1.jpg 720w, http:\/\/atelier-des-cuisiniers.com\/wp-content\/uploads\/2023\/02\/1-ZabiElvireMelissa1-300x300.jpg 300w, http:\/\/atelier-des-cuisiniers.com\/wp-content\/uploads\/2023\/02\/1-ZabiElvireMelissa1-150x150.jpg 150w, http:\/\/atelier-des-cuisiniers.com\/wp-content\/uploads\/2023\/02\/1-ZabiElvireMelissa1-12x12.jpg 12w, http:\/\/atelier-des-cuisiniers.com\/wp-content\/uploads\/2023\/02\/1-ZabiElvireMelissa1-399x400.jpg 399w\" sizes=\"auto, (max-width: 720px) 100vw, 720px\" \/><\/div><\/div><div class=\"wpb_text_column\"><div class=\"wpb_wrapper\"><pre style=\"text-align: center;\"><span style=\"color: #fe822c;\">ZABI ELVIRE MELISSA.\u00a0<\/span>\r\nA b\u00e9n\u00e9ficier de la bourse AIC, 1ere session<\/pre>\n<\/div><\/div><div class=\"w-image us_custom_8f2ba1f4 us_animate_this style_circle align_none\"><div class=\"w-image-h\"><img loading=\"lazy\" decoding=\"async\" width=\"720\" height=\"722\" src=\"http:\/\/atelier-des-cuisiniers.com\/wp-content\/uploads\/2023\/02\/4-4.jpg\" class=\"attachment-large size-large\" alt=\"\" srcset=\"http:\/\/atelier-des-cuisiniers.com\/wp-content\/uploads\/2023\/02\/4-4.jpg 720w, http:\/\/atelier-des-cuisiniers.com\/wp-content\/uploads\/2023\/02\/4-4-300x300.jpg 300w, http:\/\/atelier-des-cuisiniers.com\/wp-content\/uploads\/2023\/02\/4-4-150x150.jpg 150w, http:\/\/atelier-des-cuisiniers.com\/wp-content\/uploads\/2023\/02\/4-4-12x12.jpg 12w, http:\/\/atelier-des-cuisiniers.com\/wp-content\/uploads\/2023\/02\/4-4-399x400.jpg 399w\" sizes=\"auto, (max-width: 720px) 100vw, 720px\" \/><\/div><\/div><div class=\"wpb_text_column\"><div class=\"wpb_wrapper\"><pre style=\"text-align: center;\"><span style=\"color: #fe822c;\">BLE BAYLOU FORTUNEE.<\/span>\r\nA b\u00e9n\u00e9fici\u00e9 de la bourse AIC, 1ere session.<\/pre>\n<\/div><\/div><\/div><\/div><div class=\"wpb_column vc_column_container\"><div class=\"vc_column-inner\"><div class=\"w-image us_custom_8f2ba1f4 us_animate_this style_circle align_none\"><div class=\"w-image-h\"><img loading=\"lazy\" decoding=\"async\" width=\"720\" height=\"722\" src=\"http:\/\/atelier-des-cuisiniers.com\/wp-content\/uploads\/ZabiElvireMelissa-v.jpg\" class=\"attachment-large size-large\" alt=\"\" srcset=\"http:\/\/atelier-des-cuisiniers.com\/wp-content\/uploads\/ZabiElvireMelissa-v.jpg 720w, http:\/\/atelier-des-cuisiniers.com\/wp-content\/uploads\/ZabiElvireMelissa-v-300x300.jpg 300w, http:\/\/atelier-des-cuisiniers.com\/wp-content\/uploads\/ZabiElvireMelissa-v-150x150.jpg 150w, http:\/\/atelier-des-cuisiniers.com\/wp-content\/uploads\/ZabiElvireMelissa-v-12x12.jpg 12w, http:\/\/atelier-des-cuisiniers.com\/wp-content\/uploads\/ZabiElvireMelissa-v-399x400.jpg 399w\" sizes=\"auto, (max-width: 720px) 100vw, 720px\" \/><\/div><\/div><div class=\"wpb_text_column\"><div class=\"wpb_wrapper\"><pre style=\"text-align: center;\"><span style=\"color: #fe822c;\">N'zakilizou Kouakou<\/span>\r\nA b\u00e9n\u00e9fici\u00e9 de la bourse AIC, 1ere session.<\/pre>\n<\/div><\/div><div class=\"w-image us_custom_8f2ba1f4 us_animate_this style_circle align_none\"><div class=\"w-image-h\"><img loading=\"lazy\" decoding=\"async\" width=\"720\" height=\"722\" src=\"http:\/\/atelier-des-cuisiniers.com\/wp-content\/uploads\/2023\/02\/ZabiElvireMelissa-1.jpg\" class=\"attachment-large size-large\" alt=\"\" srcset=\"http:\/\/atelier-des-cuisiniers.com\/wp-content\/uploads\/2023\/02\/ZabiElvireMelissa-1.jpg 720w, http:\/\/atelier-des-cuisiniers.com\/wp-content\/uploads\/2023\/02\/ZabiElvireMelissa-1-300x300.jpg 300w, http:\/\/atelier-des-cuisiniers.com\/wp-content\/uploads\/2023\/02\/ZabiElvireMelissa-1-150x150.jpg 150w, http:\/\/atelier-des-cuisiniers.com\/wp-content\/uploads\/2023\/02\/ZabiElvireMelissa-1-12x12.jpg 12w, http:\/\/atelier-des-cuisiniers.com\/wp-content\/uploads\/2023\/02\/ZabiElvireMelissa-1-399x400.jpg 399w\" sizes=\"auto, (max-width: 720px) 100vw, 720px\" \/><\/div><\/div><div class=\"wpb_text_column\"><div class=\"wpb_wrapper\"><pre style=\"text-align: center;\"><span style=\"color: #fe822c;\">KPADENOU AGNE VERONIQUE KAFUI<\/span>\r\nA b\u00e9n\u00e9fici\u00e9 de la bourse AIC, 1ere session.<\/pre>\n<\/div><\/div><\/div><\/div><\/div><\/div><\/section>","protected":false},"excerpt":{"rendered":"","protected":false},"author":3,"featured_media":0,"parent":0,"menu_order":0,"comment_status":"closed","ping_status":"closed","template":"","meta":{"_joinchat":[],"footnotes":""},"class_list":["post-9771","page","type-page","status-publish","hentry"],"_links":{"self":[{"href":"http:\/\/atelier-des-cuisiniers.com\/fr\/wp-json\/wp\/v2\/pages\/9771","targetHints":{"allow":["GET"]}}],"collection":[{"href":"http:\/\/atelier-des-cuisiniers.com\/fr\/wp-json\/wp\/v2\/pages"}],"about":[{"href":"http:\/\/atelier-des-cuisiniers.com\/fr\/wp-json\/wp\/v2\/types\/page"}],"author":[{"embeddable":true,"href":"http:\/\/atelier-des-cuisiniers.com\/fr\/wp-json\/wp\/v2\/users\/3"}],"replies":[{"embeddable":true,"href":"http:\/\/atelier-des-cuisiniers.com\/fr\/wp-json\/wp\/v2\/comments?post=9771"}],"version-history":[{"count":27,"href":"http:\/\/atelier-des-cuisiniers.com\/fr\/wp-json\/wp\/v2\/pages\/9771\/revisions"}],"predecessor-version":[{"id":9855,"href":"http:\/\/atelier-des-cuisiniers.com\/fr\/wp-json\/wp\/v2\/pages\/9771\/revisions\/9855"}],"wp:attachment":[{"href":"http:\/\/atelier-des-cuisiniers.com\/fr\/wp-json\/wp\/v2\/media?parent=9771"}],"curies":[{"name":"wp","href":"https:\/\/api.w.org\/{rel}","templated":true}]}}