{"id":2810,"date":"2014-01-20T13:57:00","date_gmt":"2014-01-20T13:57:00","guid":{"rendered":"http:\/\/impreza.us-themes.net\/?page_id=2810"},"modified":"2014-01-20T13:57:00","modified_gmt":"2014-01-20T13:57:00","slug":"shop-without-sidebar","status":"publish","type":"page","link":"https:\/\/atelier-des-cuisiniers.com\/fr\/shop-without-sidebar\/","title":{"rendered":"Shop Without Sidebar"},"content":{"rendered":"<section class=\"l-section wpb_row height_custom\"><div class=\"l-section-h i-cf\"><div class=\"g-cols vc_row via_grid cols_1 laptops-cols_inherit tablets-cols_inherit mobiles-cols_1 valign_top type_default\"><div class=\"wpb_column vc_column_container\"><div class=\"vc_column-inner\"><div class=\"wpb_text_column\"><div class=\"wpb_wrapper\"><h1 style=\"text-align: center;\">Shop Without Sidebar<\/h1>\n<\/div><\/div><div class=\"w-separator size_medium\"><\/div><form class=\"w-filter state_desktop layout_hor items_4 style_drop_trendy align_center show_on_hover hide_item_title\" action =\"http:\/\/1\" onsubmit=\"return false;\" onclick='return {&quot;assignedGrid&quot;:&quot;&quot;,&quot;filterPrefix&quot;:&quot;filter&quot;,&quot;hideDisabledValues&quot;:false,&quot;layout&quot;:&quot;hor&quot;,&quot;mobileWidth&quot;:600,&quot;gridNotFoundMessage&quot;:&quot;Nothing to filter. Add a suitable Grid to this page.&quot;}' data-trp-original-action><div class=\"w-filter-list\"><div class=\"w-filter-list-title\">Filtres<\/div><a class=\"w-filter-list-closer\" href=\"javascript:void(0);\" title=\"Fermer\"><\/a><\/div><input type=\"hidden\" name=\"trp-form-language\" value=\"fr\"\/><\/form><div class=\"w-separator size_medium\"><\/div><div class=\"w-grid us_custom_e491ad69 type_grid layout_7823\" id=\"us_grid_1\" data-filterable=\"true\"><style>#us_grid_1 .w-grid-item:not(:last-child){margin-bottom:0rem}#us_grid_1 .g-loadmore{margin-top:0rem}.layout_7823 .w-grid-item-h{box-shadow:0 0rem 0rem rgba(0,0,0,0.1),0 0rem 0rem rgba(0,0,0,0.1);transition-duration:0.3s}.no-touch .layout_7823 .w-grid-item-h:hover{box-shadow:0 0.1rem 0.2rem rgba(0,0,0,0.1),0 0.33rem 1rem rgba(0,0,0,0.15);z-index:4}.layout_7823 .usg_hwrapper_1{border-color:var(--color-content-border)!important;padding:1.5rem!important;border-style:solid!important;border-width:0 1px 1px 1px!important}.layout_7823 .usg_post_image_1{width:20%!important}.layout_7823 .usg_vwrapper_1{width:55%!important;padding-left:3%!important;padding-right:3%!important}.layout_7823 .usg_post_title_1{font-size:1.5rem!important;line-height:1.2!important}.layout_7823 .usg_post_content_1{font-size:0.9rem!important}.layout_7823 .usg_vwrapper_2{width:25%!important}.layout_7823 .usg_product_field_2{font-weight:700!important;font-size:1.5rem!important}.layout_7823 .usg_add_to_cart_1{font-size:0.85rem!important}.layout_7823 .usg_product_field_3{font-size:0.85rem!important}.layout_7823 .usg_product_field_4{font-size:0.85rem!important}.layout_7823 .usg_product_field_5{font-weight:700!important}.layout_7823 .usg_product_field_6{color:#ffffff!important;text-transform:uppercase!important;font-size:12px!important;padding-left:10px!important;padding-right:10px!important;position:absolute!important;z-index:1!important;background:var(--color-content-primary)!important}@media (min-width:1025px) and (max-width:1280px){.layout_7823 .usg_vwrapper_1{width:55%!important;padding-left:3%!important;padding-right:3%!important}}@media (min-width:601px) and (max-width:1024px){.layout_7823 .usg_vwrapper_1{width:55%!important;padding-left:3%!important;padding-right:3%!important}}@media (max-width:600px){.layout_7823 .usg_post_image_1{width:100%!important}.layout_7823 .usg_vwrapper_1{width:100%!important;padding:1rem 0 1rem 0!important}.layout_7823 .usg_vwrapper_2{width:100%!important}}<\/style><div class=\"w-grid-list\">\t<article class=\"w-grid-item size_1x1 post-68 post type-post status-publish format-standard has-post-thumbnail sticky hentry category-entrees\" data-id=\"68\">\r\n\t\t<div class=\"w-grid-item-h\">\r\n\t\t\t\t\t\t<div class=\"w-hwrapper usg_hwrapper_1 align_none valign_top wrap\" style=\"--hwrapper-gap:0rem\"><div class=\"w-post-elm post_image usg_post_image_1 has_width stretched\"><a href=\"https:\/\/atelier-des-cuisiniers.com\/fr\/sticky-post\/\" aria-label=\"salade de ma\u00efs au thon et poivron rouge\"><img loading=\"lazy\" decoding=\"async\" width=\"397\" height=\"397\" src=\"https:\/\/atelier-des-cuisiniers.com\/wp-content\/uploads\/2018\/01\/1-salade-de-mais-au-thon-et-poivron-rouge.jpg\" class=\"attachment-large size-large wp-post-image\" alt=\"\" srcset=\"https:\/\/atelier-des-cuisiniers.com\/wp-content\/uploads\/2018\/01\/1-salade-de-mais-au-thon-et-poivron-rouge.jpg 397w, https:\/\/atelier-des-cuisiniers.com\/wp-content\/uploads\/2018\/01\/1-salade-de-mais-au-thon-et-poivron-rouge-300x300.jpg 300w, https:\/\/atelier-des-cuisiniers.com\/wp-content\/uploads\/2018\/01\/1-salade-de-mais-au-thon-et-poivron-rouge-150x150.jpg 150w, https:\/\/atelier-des-cuisiniers.com\/wp-content\/uploads\/2018\/01\/1-salade-de-mais-au-thon-et-poivron-rouge-12x12.jpg 12w\" sizes=\"auto, (max-width: 397px) 100vw, 397px\" \/><\/a><\/div><div class=\"w-vwrapper usg_vwrapper_1 align_none valign_top\"><h2 class=\"w-post-elm post_title usg_post_title_1 entry-title color_link_inherit\"><a href=\"https:\/\/atelier-des-cuisiniers.com\/fr\/sticky-post\/\">salade de ma\u00efs au thon et poivron rouge<\/a><\/h2><\/div><div class=\"w-vwrapper usg_vwrapper_2 align_none valign_top\"><\/div><\/div>\t\t<\/div>\r\n\t<\/article>\r\n<\/div><div class=\"w-grid-preloader\"><div class=\"g-preloader type_1\">\r\n\t<div><\/div>\r\n<\/div>\r\n<\/div>\t<div class=\"w-grid-json hidden\" onclick='return {&quot;action&quot;:&quot;us_ajax_grid&quot;,&quot;ajax_url&quot;:&quot;https:\\\/\\\/atelier-des-cuisiniers.com\\\/wp-admin\\\/admin-ajax.php&quot;,&quot;infinite_scroll&quot;:0,&quot;max_num_pages&quot;:0,&quot;pagination&quot;:&quot;infinite&quot;,&quot;permalink_url&quot;:&quot;https:\\\/\\\/atelier-des-cuisiniers.com\\\/fr\\\/wp-json\\\/wp\\\/v2\\\/pages\\\/2810&quot;,&quot;template_vars&quot;:{&quot;columns&quot;:&quot;1&quot;,&quot;exclude_items&quot;:&quot;none&quot;,&quot;img_size&quot;:&quot;default&quot;,&quot;ignore_items_size&quot;:false,&quot;items_layout&quot;:&quot;7823&quot;,&quot;items_offset&quot;:&quot;1&quot;,&quot;load_animation&quot;:&quot;none&quot;,&quot;overriding_link&quot;:&quot;none&quot;,&quot;post_id&quot;:2810,&quot;query_args&quot;:{&quot;posts_per_page&quot;:&quot;12&quot;},&quot;orderby_query_args&quot;:{&quot;orderby&quot;:&quot;meta_value_num&quot;,&quot;meta_key&quot;:&quot;_wc_average_rating&quot;,&quot;order&quot;:&quot;DESC&quot;},&quot;type&quot;:&quot;grid&quot;,&quot;us_grid_ajax_index&quot;:1,&quot;us_grid_filter_params&quot;:null,&quot;us_grid_index&quot;:1,&quot;_us_grid_post_type&quot;:&quot;product&quot;}}'><\/div>\r\n\t<\/div><\/div><\/div><\/div><\/div><\/section>","protected":false},"excerpt":{"rendered":"INGR\u00c9DIENTS : 4 \u00c0 5 PERSONNES. POUR LA SALADE : 200 g de thon au naturel 200 g de grains de ma\u00efs cuits 12 olives noires 1 poivron rouge 1 belle salade lollo rossa POUR LA VINAIGRETTE : 4 cl de vinaigre 1 c. \u00e0 caf\u00e9 de moutarde 10 cl d'huile d'olive sel, poivre PR\u00c9PARATION...","protected":false},"author":1,"featured_media":0,"parent":0,"menu_order":0,"comment_status":"closed","ping_status":"open","template":"","meta":{"_joinchat":[],"footnotes":""},"class_list":["post-2810","page","type-page","status-publish","hentry"],"_links":{"self":[{"href":"https:\/\/atelier-des-cuisiniers.com\/fr\/wp-json\/wp\/v2\/pages\/2810","targetHints":{"allow":["GET"]}}],"collection":[{"href":"https:\/\/atelier-des-cuisiniers.com\/fr\/wp-json\/wp\/v2\/pages"}],"about":[{"href":"https:\/\/atelier-des-cuisiniers.com\/fr\/wp-json\/wp\/v2\/types\/page"}],"author":[{"embeddable":true,"href":"https:\/\/atelier-des-cuisiniers.com\/fr\/wp-json\/wp\/v2\/users\/1"}],"replies":[{"embeddable":true,"href":"https:\/\/atelier-des-cuisiniers.com\/fr\/wp-json\/wp\/v2\/comments?post=2810"}],"version-history":[{"count":0,"href":"https:\/\/atelier-des-cuisiniers.com\/fr\/wp-json\/wp\/v2\/pages\/2810\/revisions"}],"wp:attachment":[{"href":"https:\/\/atelier-des-cuisiniers.com\/fr\/wp-json\/wp\/v2\/media?parent=2810"}],"curies":[{"name":"wp","href":"https:\/\/api.w.org\/{rel}","templated":true}]}}