{"id":8000,"date":"2022-04-02T11:41:00","date_gmt":"2022-04-02T11:41:00","guid":{"rendered":"http:\/\/atelier-des-cuisiniers.com\/?page_id=8000"},"modified":"2022-06-08T08:05:02","modified_gmt":"2022-06-08T08:05:02","slug":"formation-culinaire","status":"publish","type":"page","link":"https:\/\/atelier-des-cuisiniers.com\/fr\/elements\/formation-culinaire\/","title":{"rendered":"Formation culinaire"},"content":{"rendered":"<section class=\"l-section wpb_row us_custom_47474b22 us_animate_this height_auto\"><div class=\"l-section-h i-cf\"><div class=\"g-cols vc_row via_grid cols_1 laptops-cols_inherit tablets-cols_inherit mobiles-cols_1 valign_top type_default\"><div class=\"wpb_column vc_column_container\"><div class=\"vc_column-inner\"><div class=\"w-separator size_medium\"><\/div><div class=\"wpb_text_column\"><div class=\"wpb_wrapper\"><h3 style=\"text-align: center;\"><strong><span style=\"color: #fe822c;\">FORMATION CULINAIRE<\/span><\/strong><\/h3>\n<\/div><\/div><div class=\"w-separator size_medium\"><\/div><div class=\"wpb_text_column\"><div class=\"wpb_wrapper\"><p style=\"text-align: justify;\">\u00a0Il existe de nombreuses formations si vous souhaitez <strong>devenir cuisinier<\/strong>\u00a0ou travailler dans un des nombreux m\u00e9tiers de la restauration. Certaines sont courtes, d\u2019autres sont plus longues, certaines sont r\u00e9serv\u00e9es aux adultes, d\u2019autres aux plus jeunes. Si beaucoup de formations en cuisine sont payantes, certaines peuvent parfois \u00eatre gratuites. Elles peuvent se r\u00e9aliser\u00a0\u00e0 distance, en cours du soir, en initial, ou encore, en\u00a0<strong>alternance<\/strong>.<\/p>\n<p>Ce pendant Nous avons des formations de :<br \/>\n1 mois &#8211; 3 mois &#8211; 6 mois &#8211; 1 an.<\/p>\n<\/div><\/div><div class=\"w-separator size_medium\"><\/div><div class=\"g-cols wpb_row via_grid cols_3 laptops-cols_inherit tablets-cols_inherit mobiles-cols_1 valign_top type_default\"><div class=\"wpb_column vc_column_container\"><div class=\"vc_column-inner\"><div class=\"w-image align_none\"><div class=\"w-image-h\"><img loading=\"lazy\" decoding=\"async\" width=\"1024\" height=\"683\" src=\"https:\/\/atelier-des-cuisiniers.com\/wp-content\/uploads\/2022\/03\/business-woman-having-lunch-in-a-cafe-1024x683.jpg\" class=\"attachment-large size-large\" alt=\"\" srcset=\"https:\/\/atelier-des-cuisiniers.com\/wp-content\/uploads\/2022\/03\/business-woman-having-lunch-in-a-cafe-1024x683.jpg 1024w, https:\/\/atelier-des-cuisiniers.com\/wp-content\/uploads\/2022\/03\/business-woman-having-lunch-in-a-cafe-300x200.jpg 300w, https:\/\/atelier-des-cuisiniers.com\/wp-content\/uploads\/2022\/03\/business-woman-having-lunch-in-a-cafe-18x12.jpg 18w, https:\/\/atelier-des-cuisiniers.com\/wp-content\/uploads\/2022\/03\/business-woman-having-lunch-in-a-cafe-1036x691.jpg 1036w, https:\/\/atelier-des-cuisiniers.com\/wp-content\/uploads\/2022\/03\/business-woman-having-lunch-in-a-cafe.jpg 1500w, https:\/\/atelier-des-cuisiniers.com\/wp-content\/uploads\/2022\/03\/business-woman-having-lunch-in-a-cafe-600x400.jpg 600w\" sizes=\"auto, (max-width: 1024px) 100vw, 1024px\" \/><\/div><\/div><div class=\"wpb_text_column\"><div class=\"wpb_wrapper\"><p style=\"text-align: justify;\"><span style=\"color: #fe822c;\"><strong>Formation en Cuisine<\/strong><\/span><\/p>\n<\/div><\/div><\/div><\/div><div class=\"wpb_column vc_column_container\"><div class=\"vc_column-inner\"><div class=\"w-image align_none\"><div class=\"w-image-h\"><img loading=\"lazy\" decoding=\"async\" width=\"1024\" height=\"683\" src=\"https:\/\/atelier-des-cuisiniers.com\/wp-content\/uploads\/2022\/03\/business-woman-having-lunch-in-a-cafe-1024x683.jpg\" class=\"attachment-large size-large\" alt=\"\" srcset=\"https:\/\/atelier-des-cuisiniers.com\/wp-content\/uploads\/2022\/03\/business-woman-having-lunch-in-a-cafe-1024x683.jpg 1024w, https:\/\/atelier-des-cuisiniers.com\/wp-content\/uploads\/2022\/03\/business-woman-having-lunch-in-a-cafe-300x200.jpg 300w, https:\/\/atelier-des-cuisiniers.com\/wp-content\/uploads\/2022\/03\/business-woman-having-lunch-in-a-cafe-18x12.jpg 18w, https:\/\/atelier-des-cuisiniers.com\/wp-content\/uploads\/2022\/03\/business-woman-having-lunch-in-a-cafe-1036x691.jpg 1036w, https:\/\/atelier-des-cuisiniers.com\/wp-content\/uploads\/2022\/03\/business-woman-having-lunch-in-a-cafe.jpg 1500w, https:\/\/atelier-des-cuisiniers.com\/wp-content\/uploads\/2022\/03\/business-woman-having-lunch-in-a-cafe-600x400.jpg 600w\" sizes=\"auto, (max-width: 1024px) 100vw, 1024px\" \/><\/div><\/div><div class=\"wpb_text_column\"><div class=\"wpb_wrapper\"><p><span style=\"color: #fe822c;\"><strong>Formation en\u00a0<\/strong><\/span><span style=\"color: #fe822c;\"><b>P\u00e2tisserie<\/b><\/span><\/p>\n<\/div><\/div><\/div><\/div><div class=\"wpb_column vc_column_container\"><div class=\"vc_column-inner\"><div class=\"w-image align_none\"><div class=\"w-image-h\"><img loading=\"lazy\" decoding=\"async\" width=\"1024\" height=\"682\" src=\"https:\/\/atelier-des-cuisiniers.com\/wp-content\/uploads\/2022\/03\/chef-salts-steak-grill-pan-preparing-fresh-beef-pork-1024x682.jpg\" class=\"attachment-large size-large\" alt=\"\" srcset=\"https:\/\/atelier-des-cuisiniers.com\/wp-content\/uploads\/2022\/03\/chef-salts-steak-grill-pan-preparing-fresh-beef-pork-1024x682.jpg 1024w, https:\/\/atelier-des-cuisiniers.com\/wp-content\/uploads\/2022\/03\/chef-salts-steak-grill-pan-preparing-fresh-beef-pork-300x200.jpg 300w, https:\/\/atelier-des-cuisiniers.com\/wp-content\/uploads\/2022\/03\/chef-salts-steak-grill-pan-preparing-fresh-beef-pork-18x12.jpg 18w, https:\/\/atelier-des-cuisiniers.com\/wp-content\/uploads\/2022\/03\/chef-salts-steak-grill-pan-preparing-fresh-beef-pork-1036x690.jpg 1036w, https:\/\/atelier-des-cuisiniers.com\/wp-content\/uploads\/2022\/03\/chef-salts-steak-grill-pan-preparing-fresh-beef-pork-1536x1024.jpg 1536w, https:\/\/atelier-des-cuisiniers.com\/wp-content\/uploads\/2022\/03\/chef-salts-steak-grill-pan-preparing-fresh-beef-pork.jpg 2000w, https:\/\/atelier-des-cuisiniers.com\/wp-content\/uploads\/2022\/03\/chef-salts-steak-grill-pan-preparing-fresh-beef-pork-600x400.jpg 600w\" sizes=\"auto, (max-width: 1024px) 100vw, 1024px\" \/><\/div><\/div><div class=\"wpb_text_column\"><div class=\"wpb_wrapper\"><p><span style=\"color: #fe822c;\"><strong>Formation pour le service de salle\u00a0<\/strong><\/span><\/p>\n<\/div><\/div><\/div><\/div><\/div><\/div><\/div><\/div><\/div><\/section><section class=\"l-section wpb_row height_auto\"><div class=\"l-section-h i-cf\"><div class=\"g-cols vc_row via_grid cols_2 laptops-cols_inherit tablets-cols_inherit mobiles-cols_1 valign_top type_default\"><div class=\"wpb_column vc_column_container\"><div class=\"vc_column-inner\"><div class=\"w-separator size_medium\"><\/div><div class=\"wpb_text_column\"><div class=\"wpb_wrapper\"><p><strong>OPTER POUR UNE FORMATION PAS MESSAGE<\/strong><\/p>\n<\/div><\/div><div class=\"w-separator size_medium\"><\/div><form class=\"w-form  layout_ver for_cform us_form_1\" autocomplete=\"off\" action=\"https:\/\/atelier-des-cuisiniers.com\/fr\/wp-json\/wp\/v2\/pages\/8000\" method=\"post\" data-trp-original-action=\"https:\/\/atelier-des-cuisiniers.com\/fr\/wp-json\/wp\/v2\/pages\/8000\"><div class=\"w-form-h\"><div class=\"w-form-row for_text has_label required\">\r\n\t\t\t<div class=\"w-form-row-label\">\r\n\t\t\t<span>Nom & Pr\u00e9nom *<\/span>\r\n\t\t<\/div>\r\n\t\t<div class=\"w-form-row-field\">\r\n\t\t\t\t\t\t<input aria-label=\"Nom &amp; Pr\u00e9nom\" type=\"text\" name=\"us_form_1_text_1\" value placeholder=\"Entrez votre Nom et Pr\u00e9nom\" data-required=\"true\" aria-required=\"true\"\/>\r\n\t\t\t<\/div>\r\n\t\t<div class=\"w-form-row-state\">Vous devez remplir ce champ<\/div>\r\n<\/div>\r\n<div class=\"w-form-row for_text has_label required\">\r\n\t\t\t<div class=\"w-form-row-label\">\r\n\t\t\t<span>Entrez votre num\u00e9reau *<\/span>\r\n\t\t<\/div>\r\n\t\t<div class=\"w-form-row-field\">\r\n\t\t\t\t\t\t<input aria-label=\"Entrez votre num\u00e9reau\" inputmode=\"tel\" type=\"text\" name=\"us_form_1_text_2\" value placeholder=\"Votre num\u00e9ro t\u00e9l\u00e9phonique\" data-required=\"true\" aria-required=\"true\"\/>\r\n\t\t\t<\/div>\r\n\t\t<div class=\"w-form-row-state\">Vous devez remplir ce champ<\/div>\r\n<\/div>\r\n<div class=\"w-form-row for_text has_label required\">\r\n\t\t\t<div class=\"w-form-row-label\">\r\n\t\t\t<span>Lieu d'habitation *<\/span>\r\n\t\t<\/div>\r\n\t\t<div class=\"w-form-row-field\">\r\n\t\t\t\t\t\t<input aria-label=\"Lieu d&#039;habitation\" type=\"text\" name=\"us_form_1_text_3\" value placeholder=\"Votre lieu d&#039;habitation\" data-required=\"true\" aria-required=\"true\"\/>\r\n\t\t\t<\/div>\r\n\t\t<div class=\"w-form-row-state\">Vous devez remplir ce champ<\/div>\r\n<\/div>\r\n<div class=\"w-form-row for_email has_label required\">\r\n\t\t\t<div class=\"w-form-row-label\">\r\n\t\t\t<span>Votre Mail *<\/span>\r\n\t\t<\/div>\r\n\t\t<div class=\"w-form-row-field\">\r\n\t\t\t\t\t\t<input aria-label=\"Votre Mail\" type=\"email\" name=\"us_form_1_email_1\" value placeholder=\"Entrez votre Mail\" data-required=\"true\" aria-required=\"true\"\/>\r\n\t\t\t<\/div>\r\n\t\t<div class=\"w-form-row-state\">Veuillez saisir une adresse e-mail valide.<\/div>\r\n<\/div>\r\n<div class=\"w-form-row for_textarea has_label required\">\r\n\t\t\t<div class=\"w-form-row-label\">\r\n\t\t\t<span>Description *<\/span>\r\n\t\t<\/div>\r\n\t\t<div class=\"w-form-row-field\">\r\n\t\t\t\t\t\t<textarea aria-label=\"Description\" name=\"us_form_1_textarea_1\" placeholder=\"Description\" data-required=\"true\" aria-required=\"true\"><\/textarea>\r\n\t\t\t<\/div>\r\n\t\t<div class=\"w-form-row-state\">Vous devez remplir ce champ<\/div>\r\n<\/div>\r\n<input type=\"hidden\" name=\"action\" value=\"us_ajax_cform\" \/>\r\n<input type=\"hidden\" name=\"post_id\" value=\"0\" \/>\r\n<input type=\"hidden\" name=\"form_index\" value=\"1\" \/>\r\n<div class=\"w-form-row for_submit align_none\">\r\n\t<div class=\"w-form-row-field\">\r\n\t\t<button class=\"w-btn  us-btn-style_1\" aria-label=\"ENVOYEZ VOTRE MESSAGE\" type=\"submit\">\r\n\t\t\t<span class=\"g-preloader type_1\"><\/span>\r\n\t\t\t\t\t\t<span class=\"w-btn-label\">ENVOYEZ VOTRE MESSAGE<\/span>\r\n\t\t\t\t\t<\/button>\r\n\t<\/div>\r\n<\/div>\r\n<\/div><div class=\"w-form-message\"><\/div><div class=\"w-form-json hidden\" onclick='return {&quot;ajaxurl&quot;:&quot;https:\\\/\\\/atelier-des-cuisiniers.com\\\/wp-admin\\\/admin-ajax.php&quot;}'><\/div><input type=\"hidden\" name=\"trp-form-language\" value=\"fr\"\/><\/form><\/div><\/div><div class=\"wpb_column vc_column_container\"><div class=\"vc_column-inner\"><div class=\"w-separator size_medium\"><\/div><div class=\"w-separator size_medium\"><\/div><div class=\"w-separator size_large\"><\/div><div class=\"wpb_text_column\"><div class=\"wpb_wrapper\"><p><strong>OPTER POUR UNE FORMATION PAR APPELLE<\/strong><\/p>\n<\/div><\/div><div class=\"wpb_text_column\"><div class=\"wpb_wrapper\"><p>(+225) 0778647943 \/ 0758661164<\/p>\n<\/div><\/div><\/div><\/div><\/div><\/div><\/section>","protected":false},"excerpt":{"rendered":"FORMATION CULINAIRE \u00a0Il existe de nombreuses formations si vous souhaitez devenir cuisinier\u00a0ou travailler dans un des nombreux m\u00e9tiers de la restauration. Certaines sont courtes, d\u2019autres sont plus longues, certaines sont r\u00e9serv\u00e9es aux adultes, d\u2019autres aux plus jeunes. Si beaucoup de formations en cuisine sont payantes, certaines peuvent parfois \u00eatre gratuites. Elles peuvent se r\u00e9aliser\u00a0\u00e0 distance,...","protected":false},"author":3,"featured_media":0,"parent":2520,"menu_order":0,"comment_status":"closed","ping_status":"closed","template":"","meta":{"_joinchat":[],"footnotes":""},"class_list":["post-8000","page","type-page","status-publish","hentry"],"_links":{"self":[{"href":"https:\/\/atelier-des-cuisiniers.com\/fr\/wp-json\/wp\/v2\/pages\/8000","targetHints":{"allow":["GET"]}}],"collection":[{"href":"https:\/\/atelier-des-cuisiniers.com\/fr\/wp-json\/wp\/v2\/pages"}],"about":[{"href":"https:\/\/atelier-des-cuisiniers.com\/fr\/wp-json\/wp\/v2\/types\/page"}],"author":[{"embeddable":true,"href":"https:\/\/atelier-des-cuisiniers.com\/fr\/wp-json\/wp\/v2\/users\/3"}],"replies":[{"embeddable":true,"href":"https:\/\/atelier-des-cuisiniers.com\/fr\/wp-json\/wp\/v2\/comments?post=8000"}],"version-history":[{"count":29,"href":"https:\/\/atelier-des-cuisiniers.com\/fr\/wp-json\/wp\/v2\/pages\/8000\/revisions"}],"predecessor-version":[{"id":8465,"href":"https:\/\/atelier-des-cuisiniers.com\/fr\/wp-json\/wp\/v2\/pages\/8000\/revisions\/8465"}],"up":[{"embeddable":true,"href":"https:\/\/atelier-des-cuisiniers.com\/fr\/wp-json\/wp\/v2\/pages\/2520"}],"wp:attachment":[{"href":"https:\/\/atelier-des-cuisiniers.com\/fr\/wp-json\/wp\/v2\/media?parent=8000"}],"curies":[{"name":"wp","href":"https:\/\/api.w.org\/{rel}","templated":true}]}}