{"id":9370,"date":"2022-08-17T17:21:00","date_gmt":"2022-08-17T17:21:00","guid":{"rendered":"http:\/\/atelier-des-cuisiniers.com\/?page_id=9370"},"modified":"2022-08-18T15:09:07","modified_gmt":"2022-08-18T15:09:07","slug":"offres","status":"publish","type":"page","link":"https:\/\/atelier-des-cuisiniers.com\/fr\/offres\/","title":{"rendered":"Nos offres"},"content":{"rendered":"<section class=\"l-section wpb_row height_auto width_full color_primary\"><div class=\"l-section-h i-cf\"><div class=\"g-cols vc_row via_grid cols_3 laptops-cols_inherit tablets-cols_inherit mobiles-cols_1 valign_middle type_boxes\" style=\"grid-gap:0rem;\"><div class=\"wpb_column vc_column_container us_custom_fec1ab4e has_bg_color\"><div class=\"vc_column-overlay\" style=\"background:rgba(46,41,37,0.50)\"><\/div><div class=\"vc_column-inner\"><div class=\"wpb_text_column\"><div class=\"wpb_wrapper\"><p style=\"text-align: center;\">Chefs Cuisiniers-Cuisiniers-Commis de cuisines<\/p>\n<\/div><\/div><div class=\"w-separator size_small\"><\/div><div class=\"w-btn-wrapper align_center\"><a class=\"w-btn us-btn-style_1 us_custom_f73f4019\" href=\"#\"><span class=\"w-btn-label\">Postulez<\/span><\/a><\/div><\/div><\/div><div class=\"wpb_column vc_column_container us_custom_fec1ab4e has_bg_color\"><div class=\"vc_column-overlay\" style=\"background:rgba(46,41,37,0.50)\"><\/div><div class=\"vc_column-inner\"><div class=\"wpb_text_column\"><div class=\"wpb_wrapper\"><p style=\"text-align: center;\">P\u00e2tissiers-Boulangers<\/p>\n<\/div><\/div><div class=\"w-separator size_small\"><\/div><div class=\"w-btn-wrapper align_center\"><a class=\"w-btn us-btn-style_1 us_custom_f73f4019\" href=\"#\"><span class=\"w-btn-label\">Postulez<\/span><\/a><\/div><\/div><\/div><div class=\"wpb_column vc_column_container us_custom_fec1ab4e has_bg_color\"><div class=\"vc_column-overlay\" style=\"background:rgba(46,41,37,0.50)\"><\/div><div class=\"vc_column-inner\"><div class=\"wpb_text_column\"><div class=\"wpb_wrapper\"><p style=\"text-align: center;\">Ma\u00eetre d&#8217;H\u00f4tel &#8211; Gouvernants-Caissi\u00e8res<\/p>\n<\/div><\/div><div class=\"w-separator size_small\"><\/div><div class=\"w-btn-wrapper align_center\"><a class=\"w-btn us-btn-style_1 us_custom_f73f4019\" href=\"#\"><span class=\"w-btn-label\">Postulez<\/span><\/a><\/div><\/div><\/div><\/div><\/div><\/section>","protected":false},"excerpt":{"rendered":"Chefs Cuisiniers-Cuisiniers-Commis de cuisines Postulez P\u00e2tissiers-Boulangers Postulez Ma\u00eetre d&#8217;H\u00f4tel &#8211; Gouvernants-Caissi\u00e8res Postulez","protected":false},"author":1,"featured_media":1569,"parent":0,"menu_order":0,"comment_status":"closed","ping_status":"closed","template":"","meta":{"_joinchat":[],"footnotes":""},"class_list":["post-9370","page","type-page","status-publish","has-post-thumbnail","hentry"],"_links":{"self":[{"href":"https:\/\/atelier-des-cuisiniers.com\/fr\/wp-json\/wp\/v2\/pages\/9370","targetHints":{"allow":["GET"]}}],"collection":[{"href":"https:\/\/atelier-des-cuisiniers.com\/fr\/wp-json\/wp\/v2\/pages"}],"about":[{"href":"https:\/\/atelier-des-cuisiniers.com\/fr\/wp-json\/wp\/v2\/types\/page"}],"author":[{"embeddable":true,"href":"https:\/\/atelier-des-cuisiniers.com\/fr\/wp-json\/wp\/v2\/users\/1"}],"replies":[{"embeddable":true,"href":"https:\/\/atelier-des-cuisiniers.com\/fr\/wp-json\/wp\/v2\/comments?post=9370"}],"version-history":[{"count":11,"href":"https:\/\/atelier-des-cuisiniers.com\/fr\/wp-json\/wp\/v2\/pages\/9370\/revisions"}],"predecessor-version":[{"id":9371,"href":"https:\/\/atelier-des-cuisiniers.com\/fr\/wp-json\/wp\/v2\/pages\/9370\/revisions\/9371"}],"wp:featuredmedia":[{"embeddable":true,"href":"https:\/\/atelier-des-cuisiniers.com\/fr\/wp-json\/wp\/v2\/media\/1569"}],"wp:attachment":[{"href":"https:\/\/atelier-des-cuisiniers.com\/fr\/wp-json\/wp\/v2\/media?parent=9370"}],"curies":[{"name":"wp","href":"https:\/\/api.w.org\/{rel}","templated":true}]}}