{"id":9763,"date":"2023-02-28T11:03:12","date_gmt":"2023-02-28T11:03:12","guid":{"rendered":"http:\/\/atelier-des-cuisiniers.com\/?page_id=9763"},"modified":"2023-02-28T11:49:17","modified_gmt":"2023-02-28T11:49:17","slug":"recrutement-aic","status":"publish","type":"page","link":"https:\/\/atelier-des-cuisiniers.com\/fr\/recrutement-aic\/","title":{"rendered":"Recrutement AIC"},"content":{"rendered":"<section class=\"l-section wpb_row height_custom\">\n<div class=\"l-section-h i-cf\">\n<div class=\"g-cols vc_row via_grid cols_1 laptops-cols_inherit tablets-cols_inherit mobiles-cols_1 valign_top type_default\">\n<div class=\"wpb_column vc_column_container\">\n<div class=\"vc_column-inner\">\n<div class=\"wpb_text_column\">\n<div class=\"wpb_wrapper\">\n<div class=\"forminator-ui forminator-custom-form forminator-custom-form-9752 forminator-design--default  forminator_ajax\" data-forminator-render=\"0\" data-form=\"forminator-module-9752\" data-uid=\"69e73a995fadb\"><\/div>\n<form\n\t\t\t\tid=\"forminator-module-9752\"\n\t\t\t\tclass=\"forminator-ui forminator-custom-form forminator-custom-form-9752 forminator-design--default  forminator_ajax\"\n\t\t\t\tmethod=\"post\"\n\t\t\t\tdata-forminator-render=\"0\"\n\t\t\t\tdata-form-id=\"9752\"\n\t\t\t\tenctype=\"multipart\/form-data\" data-color-option=\"default\" data-design=\"default\" data-grid=\"open\" style=\"display: none;\"\n\t\t\t\tdata-uid=\"69e73a995fadb\" action=\"\"\n\t\t\t><\/p>\n<div role=\"alert\" aria-live=\"polite\" class=\"forminator-response-message forminator-error\" aria-hidden=\"true\"><\/div>\n<div class=\"forminator-row\">\n<div id=\"name-1\" class=\"forminator-field-name forminator-col forminator-col-12\">\n<div class=\"forminator-field\"><label for=\"forminator-field-name-1_69e73a995fadb\" id=\"forminator-field-name-1_69e73a995fadb-label\" class=\"forminator-label\">Nom <span class=\"forminator-required\">*<\/span><\/label><input type=\"text\" name=\"name-1\" value=\"\" placeholder=\"Par exemple\u00a0: Jean\" id=\"forminator-field-name-1_69e73a995fadb\" class=\"forminator-input forminator-name--field\" aria-required=\"true\" autocomplete=\"name\" \/><\/div>\n<\/div>\n<\/div>\n<div class=\"forminator-row\">\n<div id=\"name-2\" class=\"forminator-field-name forminator-col forminator-col-12\">\n<div class=\"forminator-field\"><label for=\"forminator-field-name-2_69e73a995fadb\" id=\"forminator-field-name-2_69e73a995fadb-label\" class=\"forminator-label\">Prenom <span class=\"forminator-required\">*<\/span><\/label><input type=\"text\" name=\"name-2\" value=\"\" placeholder=\"Par exemple\u00a0: Jacque\" id=\"forminator-field-name-2_69e73a995fadb\" class=\"forminator-input forminator-name--field\" aria-required=\"true\" autocomplete=\"name\" \/><\/div>\n<\/div>\n<\/div>\n<div class=\"forminator-row\">\n<div id=\"name-3\" class=\"forminator-field-name forminator-col forminator-col-12\">\n<div class=\"forminator-field\"><label for=\"forminator-field-name-3_69e73a995fadb\" id=\"forminator-field-name-3_69e73a995fadb-label\" class=\"forminator-label\">Lieu D&#039;Habitation <span class=\"forminator-required\">*<\/span><\/label><input type=\"text\" name=\"name-3\" value=\"\" placeholder=\"Par exemple\u00a0: Ville\/Commune\/quartier\" id=\"forminator-field-name-3_69e73a995fadb\" class=\"forminator-input forminator-name--field\" aria-required=\"true\" autocomplete=\"name\" \/><\/div>\n<\/div>\n<\/div>\n<div class=\"forminator-row\">\n<div id=\"email-1\" class=\"forminator-field-email forminator-col forminator-col-12\">\n<div class=\"forminator-field\"><label for=\"forminator-field-email-1_69e73a995fadb\" id=\"forminator-field-email-1_69e73a995fadb-label\" class=\"forminator-label\">T\u00e9l\u00e9phone<\/label><input type=\"email\" name=\"email-1\" value=\"\" placeholder=\"Par exemple\u00a0: +225 xx xx xx xx xx\" id=\"forminator-field-email-1_69e73a995fadb\" class=\"forminator-input forminator-email--field\" data-required=\"\" aria-required=\"false\" autocomplete=\"email\" \/><\/div>\n<\/div>\n<\/div>\n<div class=\"forminator-row\">\n<div id=\"name-4\" class=\"forminator-field-name forminator-col forminator-col-12\">\n<div class=\"forminator-field\"><label for=\"forminator-field-name-4_69e73a995fadb\" id=\"forminator-field-name-4_69e73a995fadb-label\" class=\"forminator-label\">Niveau D&#039;Etude<\/label><input type=\"text\" name=\"name-4\" value=\"\" placeholder=\"Par exemple\u00a0: Terminal, 2nd, Bac + 2 ...\" id=\"forminator-field-name-4_69e73a995fadb\" class=\"forminator-input forminator-name--field\" aria-required=\"false\" autocomplete=\"name\" \/><\/div>\n<\/div>\n<\/div>\n<div class=\"forminator-row\">\n<div id=\"name-5\" class=\"forminator-field-name forminator-col forminator-col-12\">\n<div class=\"forminator-field\"><label for=\"forminator-field-name-5_69e73a995fadb\" id=\"forminator-field-name-5_69e73a995fadb-label\" class=\"forminator-label\">Autre Comp\u00e9tence<\/label><input type=\"text\" name=\"name-5\" value=\"\" placeholder=\"\" id=\"forminator-field-name-5_69e73a995fadb\" class=\"forminator-input forminator-name--field\" aria-required=\"false\" autocomplete=\"name\" \/><\/div>\n<\/div>\n<\/div>\n<div class=\"forminator-row\">\n<div id=\"textarea-1\" class=\"forminator-field-textarea forminator-col forminator-col-12\">\n<div class=\"forminator-field\"><label for=\"forminator-field-textarea-1_69e73a995fadb\" id=\"forminator-field-textarea-1_69e73a995fadb-label\" class=\"forminator-label\">Message<\/label><textarea name=\"textarea-1\" placeholder=\"Saisissez votre message\u2026\" id=\"forminator-field-textarea-1_69e73a995fadb\" class=\"forminator-textarea\" rows=\"6\" style=\"--forminator-textarea-min-height:140px;\" maxlength=\"180\" ><\/textarea><span id=\"forminator-field-textarea-1_69e73a995fadb-description\" class=\"forminator-description\"><span data-limit=\"180\" data-type=\"characters\" data-editor=\"\">0 \/ 180<\/span><\/span><\/div>\n<\/div>\n<\/div>\n<div class=\"forminator-row\">\n<div id=\"upload-1\" class=\"forminator-field-upload forminator-col forminator-col-12\">\n<div class=\"forminator-field\"><label for=\"forminator-field-upload-1_69e73a995fadb\" id=\"forminator-field-upload-1_69e73a995fadb-label\" class=\"forminator-label\">T\u00e9l\u00e9chargez Votre CV<\/label><\/p>\n<div class=\"forminator-file-upload\" data-element=\"upload-1_69e73a995fadb\"><input type=\"file\" name=\"upload-1\" id=\"forminator-field-upload-1_69e73a995fadb\" class=\"forminator-input-file\" accept=\".jpg,.jpeg,.jpe,.gif,.png,.bmp,.tiff,.tif,.webp,.ico,.heic,.asf,.asx,.wmv,.wmx,.wm,.avi,.divx,.flv,.mov,.qt,.mpeg,.mpg,.mpe,.mp4,.m4v,.ogv,.webm,.mkv,.3gp,.3gpp,.3g2,.3gp2,.txt,.asc,.c,.cc,.h,.srt,.csv,.tsv,.ics,.rtx,.vtt,.mp3,.m4a,.m4b,.aac,.ra,.ram,.wav,.ogg,.oga,.flac,.mid,.midi,.wma,.wax,.mka,.rtf,.pdf,.class,.tar,.zip,.gz,.gzip,.7z,.psd,.xcf,.doc,.pot,.pps,.ppt,.wri,.xla,.xls,.xlt,.xlw,.mdb,.mpp,.docx,.docm,.dotx,.dotm,.xlsx,.xlsm,.xlsb,.xltx,.xltm,.xlam,.pptx,.pptm,.ppsx,.ppsm,.potx,.potm,.ppam,.sldx,.sldm,.onetoc,.onetoc2,.onetmp,.onepkg,.oxps,.xps,.odt,.odp,.ods,.odg,.odc,.odb,.odf,.wp,.wpd,.key,.numbers,.pages,.woff,.woff2\" tabindex=\"-1\"><button id=\"forminator-field-upload-1_69e73a995fadb_button\" class=\"forminator-button forminator-button-upload\" data-id=\"forminator-field-upload-1_69e73a995fadb\">Choisissez un fichier<\/button><span data-empty-text=\"Aucun fichier s\u00e9lectionn\u00e9\">Aucun fichier s\u00e9lectionn\u00e9<\/span><button class=\"forminator-button-delete\" style=\"display: none;\"><i class=\"forminator-icon-close\" aria-hidden=\"true\"><\/i><span class=\"forminator-screen-reader-only\">Supprimer le fichier t\u00e9l\u00e9vers\u00e9<\/span><\/button><\/div>\n<\/div>\n<\/div>\n<\/div>\n<p><input type=\"hidden\" name=\"referer_url\" value=\"\" \/><\/p>\n<div class=\"forminator-row forminator-row-last\">\n<div class=\"forminator-col\">\n<div class=\"forminator-field\"><button class=\"forminator-button forminator-button-submit\">Envoyer le message<\/button><\/div>\n<\/div>\n<\/div>\n<p><input type=\"hidden\" id=\"forminator_nonce\" name=\"forminator_nonce\" value=\"35bbcf5d19\" \/><input type=\"hidden\" name=\"_wp_http_referer\" value=\"\/fr\/wp-json\/wp\/v2\/pages\/9763\" \/><input type=\"hidden\" name=\"form_id\" value=\"9752\"><input type=\"hidden\" name=\"page_id\" value=\"9763\"><input type=\"hidden\" name=\"form_type\" value=\"default\"><input type=\"hidden\" name=\"current_url\" value=\"https:\/\/atelier-des-cuisiniers.com\/fr\/recrutement-aic\/\"><input type=\"hidden\" name=\"render_id\" value=\"0\"><input type=\"hidden\" name=\"action\" value=\"forminator_submit_form_custom-forms\"><input type=\"hidden\" name=\"trp-form-language\" value=\"fr\"\/><\/form>\n<\/div>\n<\/div>\n<\/div>\n<\/div>\n<\/div>\n<\/div>\n<\/section>","protected":false},"excerpt":{"rendered":"Nom *Prenom *Lieu D&#039;Habitation *T\u00e9l\u00e9phoneNiveau D&#039;EtudeAutre Comp\u00e9tenceMessage0 \/ 180T\u00e9l\u00e9chargez Votre CVChoisissez un fichierAucun fichier s\u00e9lectionn\u00e9Supprimer le fichier t\u00e9l\u00e9vers\u00e9Envoyer le message","protected":false},"author":3,"featured_media":0,"parent":0,"menu_order":0,"comment_status":"closed","ping_status":"closed","template":"","meta":{"_joinchat":[],"footnotes":""},"class_list":["post-9763","page","type-page","status-publish","hentry"],"_links":{"self":[{"href":"https:\/\/atelier-des-cuisiniers.com\/fr\/wp-json\/wp\/v2\/pages\/9763","targetHints":{"allow":["GET"]}}],"collection":[{"href":"https:\/\/atelier-des-cuisiniers.com\/fr\/wp-json\/wp\/v2\/pages"}],"about":[{"href":"https:\/\/atelier-des-cuisiniers.com\/fr\/wp-json\/wp\/v2\/types\/page"}],"author":[{"embeddable":true,"href":"https:\/\/atelier-des-cuisiniers.com\/fr\/wp-json\/wp\/v2\/users\/3"}],"replies":[{"embeddable":true,"href":"https:\/\/atelier-des-cuisiniers.com\/fr\/wp-json\/wp\/v2\/comments?post=9763"}],"version-history":[{"count":2,"href":"https:\/\/atelier-des-cuisiniers.com\/fr\/wp-json\/wp\/v2\/pages\/9763\/revisions"}],"predecessor-version":[{"id":9766,"href":"https:\/\/atelier-des-cuisiniers.com\/fr\/wp-json\/wp\/v2\/pages\/9763\/revisions\/9766"}],"wp:attachment":[{"href":"https:\/\/atelier-des-cuisiniers.com\/fr\/wp-json\/wp\/v2\/media?parent=9763"}],"curies":[{"name":"wp","href":"https:\/\/api.w.org\/{rel}","templated":true}]}}